{"id":11813,"date":"2020-03-21T10:50:10","date_gmt":"2020-03-21T10:50:10","guid":{"rendered":"https:\/\/www.by-gloria.com\/zahlungsweisen\/"},"modified":"2022-06-30T08:56:57","modified_gmt":"2022-06-30T06:56:57","slug":"zahlungsweisen","status":"publish","type":"page","link":"https:\/\/www.derweinhauer.at\/shop\/zahlungsweisen\/","title":{"rendered":"Zahlungsarten"},"content":{"rendered":"\t\t<div data-elementor-type=\"wp-page\" data-elementor-id=\"11813\" class=\"elementor elementor-11813\" data-elementor-post-type=\"page\">\n\t\t\t\t\t\t<section class=\"elementor-section elementor-top-section elementor-element elementor-element-662882b0 elementor-section-boxed elementor-section-height-default elementor-section-height-default\" data-id=\"662882b0\" data-element_type=\"section\" data-e-type=\"section\">\n\t\t\t\t\t\t<div class=\"elementor-container elementor-column-gap-default\">\n\t\t\t\t\t<div class=\"elementor-column elementor-col-100 elementor-top-column elementor-element elementor-element-40720738\" data-id=\"40720738\" data-element_type=\"column\" data-e-type=\"column\">\n\t\t\t<div class=\"elementor-widget-wrap elementor-element-populated\">\n\t\t\t\t\t\t<div class=\"elementor-element elementor-element-928a143 elementor-widget elementor-widget-heading\" data-id=\"928a143\" data-element_type=\"widget\" data-e-type=\"widget\" data-widget_type=\"heading.default\">\n\t\t\t\t<div class=\"elementor-widget-container\">\n\t\t\t\t\t<h1 class=\"elementor-heading-title elementor-size-xl\">Zahlungsarten<\/h1>\t\t\t\t<\/div>\n\t\t\t\t<\/div>\n\t\t\t\t<div class=\"elementor-element elementor-element-528f4fa7 elementor-widget elementor-widget-text-editor\" data-id=\"528f4fa7\" data-element_type=\"widget\" data-e-type=\"widget\" data-widget_type=\"text-editor.default\">\n\t\t\t\t<div class=\"elementor-widget-container\">\n\t\t\t\t\t\t\t\t\t<p>Wir bieten Ihnen verschiedene Zahlungsarten an. Suchen Sie sich einfach die f\u00fcr Sie optimale Zahlart aus. Die Versandkosten sind teilweise abh\u00e4ngig von der gew\u00e4hlten Zahlungsart. Die in den jeweiligen Angeboten angef\u00fchrten Preise stellen Endpreise dar. Sie beinhalten alle Preisbestandteile einschlie\u00dflich etwaig anfallender Steuern wie Mehrwertsteuer. Nur bei grenz\u00fcberschreitender Lieferung k\u00f6nnen im Einzelfall weitere Steuern (z.B. im Falle eines innergemeinschaftlichen Erwerbs) und\/oder Abgaben (z.B. Z\u00f6lle) von Ihnen zu zahlen sein, jedoch nicht an den Verk\u00e4ufer, sondern an die dort zust\u00e4ndigen Zoll- bzw. Steuerbeh\u00f6rden. Die anfallenden Liefer- und Versandkosten sind nicht im Kaufpreis des Weins enthalten, mehr Informationen finden sie auf der Seite Versand und Lieferung. Im Laufe des Bestellvorganges werden die anfallenden Versandkosten ausgewiesen, diese sind von Ihnen zu tragen.<\/p>\n<p><strong>Auf Rechnung\/Bank\u00fcberweisung: <\/strong>Bitte \u00fcberweisen Sie den Gesamtbetrag (inkl. Versandkosten) Ihrer Bestellung auf unser Konto!<br>Kontoinhaber: Hauer e.U.<br>IBAN: AT96 4477 0195 9484 0000<\/p>\n<p><strong>Barzahlung: <\/strong>Bestellen Sie online und holen Sie Ihre Bestellung bei uns ab! Abholung nach Vereinbarung unter der Adresse: D<span style=\"font-style: inherit; font-weight: inherit; font-family: var( --e-global-typography-text-font-family ), Sans-serif;\">er Weinhauer,&nbsp;<\/span><span style=\"font-style: inherit; font-weight: inherit; font-family: var( --e-global-typography-text-font-family ), Sans-serif;\">Knappenweg 2,&nbsp;<\/span><span style=\"font-style: inherit; font-weight: inherit; font-family: var( --e-global-typography-text-font-family ), Sans-serif;\">8572 B\u00e4rnbach.<\/span><\/p>\n<p><strong>Paypal und Kreditkarte:<\/strong> Einfach und schnell mit Paypal oder Kreditkarte bezahlen.<\/p>\n<p><strong>eps: <\/strong>In Bearbeitung.<\/p>\t\t\t\t\t\t\t\t<\/div>\n\t\t\t\t<\/div>\n\t\t\t\t\t<\/div>\n\t\t<\/div>\n\t\t\t\t\t<\/div>\n\t\t<\/section>\n\t\t\t\t<\/div>\n\t\t","protected":false},"excerpt":{"rendered":"<p>Zahlungsarten Wir bieten Ihnen verschiedene Zahlungsarten an. Suchen Sie sich einfach die f\u00fcr Sie optimale Zahlart aus. Die Versandkosten sind teilweise abh\u00e4ngig von der gew\u00e4hlten Zahlungsart. Die in den jeweiligen Angeboten angef\u00fchrten Preise stellen Endpreise dar. Sie beinhalten alle Preisbestandteile einschlie\u00dflich etwaig anfallender Steuern wie Mehrwertsteuer. Nur bei grenz\u00fcberschreitender Lieferung k\u00f6nnen im Einzelfall weitere Steuern [&hellip;]<\/p>\n","protected":false},"author":48,"featured_media":0,"parent":0,"menu_order":0,"comment_status":"closed","ping_status":"closed","template":"","meta":{"site-sidebar-layout":"no-sidebar","site-content-layout":"default","ast-site-content-layout":"","site-content-style":"default","site-sidebar-style":"default","ast-global-header-display":"","ast-banner-title-visibility":"","ast-main-header-display":"","ast-hfb-above-header-display":"","ast-hfb-below-header-display":"","ast-hfb-mobile-header-display":"","site-post-title":"","ast-breadcrumbs-content":"","ast-featured-img":"","footer-sml-layout":"","theme-transparent-header-meta":"default","adv-header-id-meta":"","stick-header-meta":"default","header-above-stick-meta":"","header-main-stick-meta":"","header-below-stick-meta":"","astra-migrate-meta-layouts":"default","ast-page-background-enabled":"default","ast-page-background-meta":{"desktop":{"background-color":"","background-image":"","background-repeat":"repeat","background-position":"center center","background-size":"auto","background-attachment":"scroll","background-type":"","background-media":"","overlay-type":"","overlay-color":"","overlay-opacity":"","overlay-gradient":""},"tablet":{"background-color":"","background-image":"","background-repeat":"repeat","background-position":"center center","background-size":"auto","background-attachment":"scroll","background-type":"","background-media":"","overlay-type":"","overlay-color":"","overlay-opacity":"","overlay-gradient":""},"mobile":{"background-color":"","background-image":"","background-repeat":"repeat","background-position":"center center","background-size":"auto","background-attachment":"scroll","background-type":"","background-media":"","overlay-type":"","overlay-color":"","overlay-opacity":"","overlay-gradient":""}},"ast-content-background-meta":{"desktop":{"background-color":"var(--ast-global-color-5)","background-image":"","background-repeat":"repeat","background-position":"center center","background-size":"auto","background-attachment":"scroll","background-type":"","background-media":"","overlay-type":"","overlay-color":"","overlay-opacity":"","overlay-gradient":""},"tablet":{"background-color":"var(--ast-global-color-5)","background-image":"","background-repeat":"repeat","background-position":"center center","background-size":"auto","background-attachment":"scroll","background-type":"","background-media":"","overlay-type":"","overlay-color":"","overlay-opacity":"","overlay-gradient":""},"mobile":{"background-color":"var(--ast-global-color-5)","background-image":"","background-repeat":"repeat","background-position":"center center","background-size":"auto","background-attachment":"scroll","background-type":"","background-media":"","overlay-type":"","overlay-color":"","overlay-opacity":"","overlay-gradient":""}},"footnotes":""},"class_list":["post-11813","page","type-page","status-publish","hentry"],"yoast_head":"<!-- This site is optimized with the Yoast SEO plugin v24.2 - https:\/\/yoast.com\/wordpress\/plugins\/seo\/ -->\n<title>Zahlungsarten - der Weinhauer<\/title>\n<meta name=\"robots\" content=\"index, follow, max-snippet:-1, max-image-preview:large, max-video-preview:-1\" \/>\n<link rel=\"canonical\" href=\"https:\/\/www.derweinhauer.at\/shop\/zahlungsweisen\/\" \/>\n<meta property=\"og:locale\" content=\"de_DE\" \/>\n<meta property=\"og:type\" content=\"article\" \/>\n<meta property=\"og:title\" content=\"Zahlungsarten - der Weinhauer\" \/>\n<meta property=\"og:description\" content=\"Zahlungsarten Wir bieten Ihnen verschiedene Zahlungsarten an. Suchen Sie sich einfach die f\u00fcr Sie optimale Zahlart aus. Die Versandkosten sind teilweise abh\u00e4ngig von der gew\u00e4hlten Zahlungsart. Die in den jeweiligen Angeboten angef\u00fchrten Preise stellen Endpreise dar. Sie beinhalten alle Preisbestandteile einschlie\u00dflich etwaig anfallender Steuern wie Mehrwertsteuer. Nur bei grenz\u00fcberschreitender Lieferung k\u00f6nnen im Einzelfall weitere Steuern [&hellip;]\" \/>\n<meta property=\"og:url\" content=\"https:\/\/www.derweinhauer.at\/shop\/zahlungsweisen\/\" \/>\n<meta property=\"og:site_name\" content=\"der Weinhauer\" \/>\n<meta property=\"article:publisher\" content=\"https:\/\/www.facebook.com\/derweinhauer\" \/>\n<meta property=\"article:modified_time\" content=\"2022-06-30T06:56:57+00:00\" \/>\n<meta name=\"twitter:card\" content=\"summary_large_image\" \/>\n<meta name=\"twitter:label1\" content=\"Gesch\u00e4tzte Lesezeit\" \/>\n\t<meta name=\"twitter:data1\" content=\"2\u00a0Minuten\" \/>\n<script type=\"application\/ld+json\" class=\"yoast-schema-graph\">{\"@context\":\"https:\/\/schema.org\",\"@graph\":[{\"@type\":\"WebPage\",\"@id\":\"https:\/\/www.derweinhauer.at\/shop\/zahlungsweisen\/\",\"url\":\"https:\/\/www.derweinhauer.at\/shop\/zahlungsweisen\/\",\"name\":\"Zahlungsarten - der Weinhauer\",\"isPartOf\":{\"@id\":\"https:\/\/www.derweinhauer.at\/shop\/#website\"},\"datePublished\":\"2020-03-21T10:50:10+00:00\",\"dateModified\":\"2022-06-30T06:56:57+00:00\",\"breadcrumb\":{\"@id\":\"https:\/\/www.derweinhauer.at\/shop\/zahlungsweisen\/#breadcrumb\"},\"inLanguage\":\"de\",\"potentialAction\":[{\"@type\":\"ReadAction\",\"target\":[\"https:\/\/www.derweinhauer.at\/shop\/zahlungsweisen\/\"]}]},{\"@type\":\"BreadcrumbList\",\"@id\":\"https:\/\/www.derweinhauer.at\/shop\/zahlungsweisen\/#breadcrumb\",\"itemListElement\":[{\"@type\":\"ListItem\",\"position\":1,\"name\":\"Home\",\"item\":\"https:\/\/www.derweinhauer.at\/shop\/\"},{\"@type\":\"ListItem\",\"position\":2,\"name\":\"Zahlungsarten\"}]},{\"@type\":\"WebSite\",\"@id\":\"https:\/\/www.derweinhauer.at\/shop\/#website\",\"url\":\"https:\/\/www.derweinhauer.at\/shop\/\",\"name\":\"der Weinhauer\",\"description\":\"Collio.Karst.Steiermark\",\"publisher\":{\"@id\":\"https:\/\/www.derweinhauer.at\/shop\/#organization\"},\"potentialAction\":[{\"@type\":\"SearchAction\",\"target\":{\"@type\":\"EntryPoint\",\"urlTemplate\":\"https:\/\/www.derweinhauer.at\/shop\/?s={search_term_string}\"},\"query-input\":{\"@type\":\"PropertyValueSpecification\",\"valueRequired\":true,\"valueName\":\"search_term_string\"}}],\"inLanguage\":\"de\"},{\"@type\":\"Organization\",\"@id\":\"https:\/\/www.derweinhauer.at\/shop\/#organization\",\"name\":\"der Weinhauer\",\"url\":\"https:\/\/www.derweinhauer.at\/shop\/\",\"logo\":{\"@type\":\"ImageObject\",\"inLanguage\":\"de\",\"@id\":\"https:\/\/www.derweinhauer.at\/shop\/#\/schema\/logo\/image\/\",\"url\":\"https:\/\/www.derweinhauer.at\/shop\/wp-content\/uploads\/2020\/02\/logo_der_weinhauer5.png\",\"contentUrl\":\"https:\/\/www.derweinhauer.at\/shop\/wp-content\/uploads\/2020\/02\/logo_der_weinhauer5.png\",\"width\":3508,\"height\":2480,\"caption\":\"der Weinhauer\"},\"image\":{\"@id\":\"https:\/\/www.derweinhauer.at\/shop\/#\/schema\/logo\/image\/\"},\"sameAs\":[\"https:\/\/www.facebook.com\/derweinhauer\"]}]}<\/script>\n<!-- \/ Yoast SEO plugin. -->","yoast_head_json":{"title":"Zahlungsarten - der Weinhauer","robots":{"index":"index","follow":"follow","max-snippet":"max-snippet:-1","max-image-preview":"max-image-preview:large","max-video-preview":"max-video-preview:-1"},"canonical":"https:\/\/www.derweinhauer.at\/shop\/zahlungsweisen\/","og_locale":"de_DE","og_type":"article","og_title":"Zahlungsarten - der Weinhauer","og_description":"Zahlungsarten Wir bieten Ihnen verschiedene Zahlungsarten an. Suchen Sie sich einfach die f\u00fcr Sie optimale Zahlart aus. Die Versandkosten sind teilweise abh\u00e4ngig von der gew\u00e4hlten Zahlungsart. Die in den jeweiligen Angeboten angef\u00fchrten Preise stellen Endpreise dar. Sie beinhalten alle Preisbestandteile einschlie\u00dflich etwaig anfallender Steuern wie Mehrwertsteuer. Nur bei grenz\u00fcberschreitender Lieferung k\u00f6nnen im Einzelfall weitere Steuern [&hellip;]","og_url":"https:\/\/www.derweinhauer.at\/shop\/zahlungsweisen\/","og_site_name":"der Weinhauer","article_publisher":"https:\/\/www.facebook.com\/derweinhauer","article_modified_time":"2022-06-30T06:56:57+00:00","twitter_card":"summary_large_image","twitter_misc":{"Gesch\u00e4tzte Lesezeit":"2\u00a0Minuten"},"schema":{"@context":"https:\/\/schema.org","@graph":[{"@type":"WebPage","@id":"https:\/\/www.derweinhauer.at\/shop\/zahlungsweisen\/","url":"https:\/\/www.derweinhauer.at\/shop\/zahlungsweisen\/","name":"Zahlungsarten - der Weinhauer","isPartOf":{"@id":"https:\/\/www.derweinhauer.at\/shop\/#website"},"datePublished":"2020-03-21T10:50:10+00:00","dateModified":"2022-06-30T06:56:57+00:00","breadcrumb":{"@id":"https:\/\/www.derweinhauer.at\/shop\/zahlungsweisen\/#breadcrumb"},"inLanguage":"de","potentialAction":[{"@type":"ReadAction","target":["https:\/\/www.derweinhauer.at\/shop\/zahlungsweisen\/"]}]},{"@type":"BreadcrumbList","@id":"https:\/\/www.derweinhauer.at\/shop\/zahlungsweisen\/#breadcrumb","itemListElement":[{"@type":"ListItem","position":1,"name":"Home","item":"https:\/\/www.derweinhauer.at\/shop\/"},{"@type":"ListItem","position":2,"name":"Zahlungsarten"}]},{"@type":"WebSite","@id":"https:\/\/www.derweinhauer.at\/shop\/#website","url":"https:\/\/www.derweinhauer.at\/shop\/","name":"der Weinhauer","description":"Collio.Karst.Steiermark","publisher":{"@id":"https:\/\/www.derweinhauer.at\/shop\/#organization"},"potentialAction":[{"@type":"SearchAction","target":{"@type":"EntryPoint","urlTemplate":"https:\/\/www.derweinhauer.at\/shop\/?s={search_term_string}"},"query-input":{"@type":"PropertyValueSpecification","valueRequired":true,"valueName":"search_term_string"}}],"inLanguage":"de"},{"@type":"Organization","@id":"https:\/\/www.derweinhauer.at\/shop\/#organization","name":"der Weinhauer","url":"https:\/\/www.derweinhauer.at\/shop\/","logo":{"@type":"ImageObject","inLanguage":"de","@id":"https:\/\/www.derweinhauer.at\/shop\/#\/schema\/logo\/image\/","url":"https:\/\/www.derweinhauer.at\/shop\/wp-content\/uploads\/2020\/02\/logo_der_weinhauer5.png","contentUrl":"https:\/\/www.derweinhauer.at\/shop\/wp-content\/uploads\/2020\/02\/logo_der_weinhauer5.png","width":3508,"height":2480,"caption":"der Weinhauer"},"image":{"@id":"https:\/\/www.derweinhauer.at\/shop\/#\/schema\/logo\/image\/"},"sameAs":["https:\/\/www.facebook.com\/derweinhauer"]}]}},"_links":{"self":[{"href":"https:\/\/www.derweinhauer.at\/shop\/wp-json\/wp\/v2\/pages\/11813","targetHints":{"allow":["GET"]}}],"collection":[{"href":"https:\/\/www.derweinhauer.at\/shop\/wp-json\/wp\/v2\/pages"}],"about":[{"href":"https:\/\/www.derweinhauer.at\/shop\/wp-json\/wp\/v2\/types\/page"}],"author":[{"embeddable":true,"href":"https:\/\/www.derweinhauer.at\/shop\/wp-json\/wp\/v2\/users\/48"}],"replies":[{"embeddable":true,"href":"https:\/\/www.derweinhauer.at\/shop\/wp-json\/wp\/v2\/comments?post=11813"}],"version-history":[{"count":0,"href":"https:\/\/www.derweinhauer.at\/shop\/wp-json\/wp\/v2\/pages\/11813\/revisions"}],"wp:attachment":[{"href":"https:\/\/www.derweinhauer.at\/shop\/wp-json\/wp\/v2\/media?parent=11813"}],"curies":[{"name":"wp","href":"https:\/\/api.w.org\/{rel}","templated":true}]}}