{"id":20252,"date":"2021-11-09T16:17:12","date_gmt":"2021-11-09T14:17:12","guid":{"rendered":"https:\/\/www.derweinhauer.at\/shop\/?post_type=product&#038;p=20252"},"modified":"2025-12-15T18:29:42","modified_gmt":"2025-12-15T16:29:42","slug":"tenta-luisa-pinot-grigio","status":"publish","type":"product","link":"https:\/\/www.derweinhauer.at\/shop\/produkt\/weinbaugebiet\/doc-friuli-isonzo\/tenta-luisa-pinot-grigio\/","title":{"rendered":"Tenuta Luisa &#8211; Pinot Grigio"},"content":{"rendered":"<h2>Tenuta Luisa Pinot Grigio<\/h2>\n<p>Kr\u00e4ftiges Strohgelb. Das Bouquet erinnert an Brotkruste, Akazienbl\u00fcten und reife tropische Fr\u00fcchte. Die Wei\u00dfweinbereitung, das fast vollkommene Fehlen von Schwefeldioxid und die Kontrolle der G\u00e4rtemperatur lassen einen fruchtigen, eleganten, frischen, vollkommenen und mitrei\u00dfenden Wein entstehen.<\/p>\n<p><strong>Merkmale<\/strong><br \/>\nLand: Italien<br \/>\nWeinbaugebiet: DOC Friuli Isonzo<br \/>\nHersteller: Tenuta Luisa<br \/>\nSorte: Pinot Grigio<br \/>\nTyp: Wei\u00dfwein<br \/>\nEmpfehlung: passt zu Vorspeisen, Schinken und K\u00e4se, Fisch und Gefl\u00fcgel, Eierspeisen und Gem\u00fcsesuppen<br \/>\nInhalt: 0,75 l<br \/>\nAlkoholgehalt:<\/p>\n<p><a href=\"https:\/\/dl.derweinhauer.at\/luisa_pinotgrigio.pdf\">&gt; mehr Details zum Wein<\/a><\/p>\n<p>&nbsp;<\/p>\n","protected":false},"excerpt":{"rendered":"<p>DOC Friuli Isonzo<\/p>\n","protected":false},"featured_media":20253,"template":"","meta":{"site-sidebar-layout":"default","site-content-layout":"default","ast-site-content-layout":"","site-content-style":"default","site-sidebar-style":"default","ast-global-header-display":"","ast-banner-title-visibility":"","ast-main-header-display":"","ast-hfb-above-header-display":"","ast-hfb-below-header-display":"","ast-hfb-mobile-header-display":"","site-post-title":"","ast-breadcrumbs-content":"","ast-featured-img":"","footer-sml-layout":"","theme-transparent-header-meta":"default","adv-header-id-meta":"","stick-header-meta":"default","header-above-stick-meta":"","header-main-stick-meta":"","header-below-stick-meta":"","astra-migrate-meta-layouts":"default","ast-page-background-enabled":"default","ast-page-background-meta":{"desktop":{"background-color":"","background-image":"","background-repeat":"repeat","background-position":"center center","background-size":"auto","background-attachment":"scroll","background-type":"","background-media":"","overlay-type":"","overlay-color":"","overlay-opacity":"","overlay-gradient":""},"tablet":{"background-color":"","background-image":"","background-repeat":"repeat","background-position":"center center","background-size":"auto","background-attachment":"scroll","background-type":"","background-media":"","overlay-type":"","overlay-color":"","overlay-opacity":"","overlay-gradient":""},"mobile":{"background-color":"","background-image":"","background-repeat":"repeat","background-position":"center center","background-size":"auto","background-attachment":"scroll","background-type":"","background-media":"","overlay-type":"","overlay-color":"","overlay-opacity":"","overlay-gradient":""}},"ast-content-background-meta":{"desktop":{"background-color":"var(--ast-global-color-5)","background-image":"","background-repeat":"repeat","background-position":"center center","background-size":"auto","background-attachment":"scroll","background-type":"","background-media":"","overlay-type":"","overlay-color":"","overlay-opacity":"","overlay-gradient":""},"tablet":{"background-color":"var(--ast-global-color-5)","background-image":"","background-repeat":"repeat","background-position":"center center","background-size":"auto","background-attachment":"scroll","background-type":"","background-media":"","overlay-type":"","overlay-color":"","overlay-opacity":"","overlay-gradient":""},"mobile":{"background-color":"var(--ast-global-color-5)","background-image":"","background-repeat":"repeat","background-position":"center center","background-size":"auto","background-attachment":"scroll","background-type":"","background-media":"","overlay-type":"","overlay-color":"","overlay-opacity":"","overlay-gradient":""}}},"product_cat":[460,498,477,487],"product_tag":[],"class_list":{"0":"post-20252","1":"product","2":"type-product","3":"status-publish","4":"has-post-thumbnail","6":"product_cat-weisswein","7":"product_cat-doc-friuli-isonzo","8":"product_cat-pinot-grigio","9":"product_cat-tenta-luisa","10":"product_shipping_class-paketdienst","11":"align-center","12":"box-shadow-2","13":"box-shadow-5-hover","14":"ast-product-gallery-layout-horizontal","15":"ast-product-gallery-with-no-image","16":"ast-product-tabs-layout-vertical","18":"first","19":"instock","20":"taxable","21":"shipping-taxable","22":"purchasable","23":"product-type-simple","24":"add-to-wishlist-before_image"},"yoast_head":"<!-- This site is optimized with the Yoast SEO plugin v24.2 - https:\/\/yoast.com\/wordpress\/plugins\/seo\/ -->\n<title>Tenuta Luisa - Pinot Grigio - der Weinhauer<\/title>\n<meta name=\"robots\" content=\"index, follow, max-snippet:-1, max-image-preview:large, max-video-preview:-1\" \/>\n<link rel=\"canonical\" href=\"https:\/\/www.derweinhauer.at\/shop\/produkt\/weinbaugebiet\/doc-friuli-isonzo\/tenta-luisa-pinot-grigio\/\" \/>\n<meta property=\"og:locale\" content=\"de_DE\" \/>\n<meta property=\"og:type\" content=\"article\" \/>\n<meta property=\"og:title\" content=\"Tenuta Luisa - Pinot Grigio - der Weinhauer\" \/>\n<meta property=\"og:description\" content=\"DOC Friuli Isonzo\" \/>\n<meta property=\"og:url\" content=\"https:\/\/www.derweinhauer.at\/shop\/produkt\/weinbaugebiet\/doc-friuli-isonzo\/tenta-luisa-pinot-grigio\/\" \/>\n<meta property=\"og:site_name\" content=\"der Weinhauer\" \/>\n<meta property=\"article:publisher\" content=\"https:\/\/www.facebook.com\/derweinhauer\" \/>\n<meta property=\"article:modified_time\" content=\"2025-12-15T16:29:42+00:00\" \/>\n<meta property=\"og:image\" content=\"https:\/\/www.derweinhauer.at\/shop\/wp-content\/uploads\/2021\/11\/Tenta-Luisa_Pinot-Grigio_italienischen_Wein_online_kaufen.png\" \/>\n\t<meta property=\"og:image:width\" content=\"200\" \/>\n\t<meta property=\"og:image:height\" content=\"300\" \/>\n\t<meta property=\"og:image:type\" content=\"image\/png\" \/>\n<meta name=\"twitter:card\" content=\"summary_large_image\" \/>\n<meta name=\"twitter:label1\" content=\"Gesch\u00e4tzte Lesezeit\" \/>\n\t<meta name=\"twitter:data1\" content=\"1\u00a0Minute\" \/>\n<script type=\"application\/ld+json\" class=\"yoast-schema-graph\">{\"@context\":\"https:\/\/schema.org\",\"@graph\":[{\"@type\":\"WebPage\",\"@id\":\"https:\/\/www.derweinhauer.at\/shop\/produkt\/weinbaugebiet\/doc-friuli-isonzo\/tenta-luisa-pinot-grigio\/\",\"url\":\"https:\/\/www.derweinhauer.at\/shop\/produkt\/weinbaugebiet\/doc-friuli-isonzo\/tenta-luisa-pinot-grigio\/\",\"name\":\"Tenuta Luisa - Pinot Grigio - der Weinhauer\",\"isPartOf\":{\"@id\":\"https:\/\/www.derweinhauer.at\/shop\/#website\"},\"primaryImageOfPage\":{\"@id\":\"https:\/\/www.derweinhauer.at\/shop\/produkt\/weinbaugebiet\/doc-friuli-isonzo\/tenta-luisa-pinot-grigio\/#primaryimage\"},\"image\":{\"@id\":\"https:\/\/www.derweinhauer.at\/shop\/produkt\/weinbaugebiet\/doc-friuli-isonzo\/tenta-luisa-pinot-grigio\/#primaryimage\"},\"thumbnailUrl\":\"https:\/\/www.derweinhauer.at\/shop\/wp-content\/uploads\/2021\/11\/Tenta-Luisa_Pinot-Grigio_italienischen_Wein_online_kaufen.png\",\"datePublished\":\"2021-11-09T14:17:12+00:00\",\"dateModified\":\"2025-12-15T16:29:42+00:00\",\"breadcrumb\":{\"@id\":\"https:\/\/www.derweinhauer.at\/shop\/produkt\/weinbaugebiet\/doc-friuli-isonzo\/tenta-luisa-pinot-grigio\/#breadcrumb\"},\"inLanguage\":\"de\",\"potentialAction\":[{\"@type\":\"ReadAction\",\"target\":[\"https:\/\/www.derweinhauer.at\/shop\/produkt\/weinbaugebiet\/doc-friuli-isonzo\/tenta-luisa-pinot-grigio\/\"]}]},{\"@type\":\"ImageObject\",\"inLanguage\":\"de\",\"@id\":\"https:\/\/www.derweinhauer.at\/shop\/produkt\/weinbaugebiet\/doc-friuli-isonzo\/tenta-luisa-pinot-grigio\/#primaryimage\",\"url\":\"https:\/\/www.derweinhauer.at\/shop\/wp-content\/uploads\/2021\/11\/Tenta-Luisa_Pinot-Grigio_italienischen_Wein_online_kaufen.png\",\"contentUrl\":\"https:\/\/www.derweinhauer.at\/shop\/wp-content\/uploads\/2021\/11\/Tenta-Luisa_Pinot-Grigio_italienischen_Wein_online_kaufen.png\",\"width\":200,\"height\":300},{\"@type\":\"BreadcrumbList\",\"@id\":\"https:\/\/www.derweinhauer.at\/shop\/produkt\/weinbaugebiet\/doc-friuli-isonzo\/tenta-luisa-pinot-grigio\/#breadcrumb\",\"itemListElement\":[{\"@type\":\"ListItem\",\"position\":1,\"name\":\"Home\",\"item\":\"https:\/\/www.derweinhauer.at\/shop\/\"},{\"@type\":\"ListItem\",\"position\":2,\"name\":\"SHOP\",\"item\":\"https:\/\/www.derweinhauer.at\/shop\/\"},{\"@type\":\"ListItem\",\"position\":3,\"name\":\"Tenuta Luisa &#8211; Pinot Grigio\"}]},{\"@type\":\"WebSite\",\"@id\":\"https:\/\/www.derweinhauer.at\/shop\/#website\",\"url\":\"https:\/\/www.derweinhauer.at\/shop\/\",\"name\":\"der Weinhauer\",\"description\":\"Collio.Karst.Steiermark\",\"publisher\":{\"@id\":\"https:\/\/www.derweinhauer.at\/shop\/#organization\"},\"potentialAction\":[{\"@type\":\"SearchAction\",\"target\":{\"@type\":\"EntryPoint\",\"urlTemplate\":\"https:\/\/www.derweinhauer.at\/shop\/?s={search_term_string}\"},\"query-input\":{\"@type\":\"PropertyValueSpecification\",\"valueRequired\":true,\"valueName\":\"search_term_string\"}}],\"inLanguage\":\"de\"},{\"@type\":\"Organization\",\"@id\":\"https:\/\/www.derweinhauer.at\/shop\/#organization\",\"name\":\"der Weinhauer\",\"url\":\"https:\/\/www.derweinhauer.at\/shop\/\",\"logo\":{\"@type\":\"ImageObject\",\"inLanguage\":\"de\",\"@id\":\"https:\/\/www.derweinhauer.at\/shop\/#\/schema\/logo\/image\/\",\"url\":\"https:\/\/www.derweinhauer.at\/shop\/wp-content\/uploads\/2020\/02\/logo_der_weinhauer5.png\",\"contentUrl\":\"https:\/\/www.derweinhauer.at\/shop\/wp-content\/uploads\/2020\/02\/logo_der_weinhauer5.png\",\"width\":3508,\"height\":2480,\"caption\":\"der Weinhauer\"},\"image\":{\"@id\":\"https:\/\/www.derweinhauer.at\/shop\/#\/schema\/logo\/image\/\"},\"sameAs\":[\"https:\/\/www.facebook.com\/derweinhauer\"]}]}<\/script>\n<!-- \/ Yoast SEO plugin. -->","yoast_head_json":{"title":"Tenuta Luisa - Pinot Grigio - der Weinhauer","robots":{"index":"index","follow":"follow","max-snippet":"max-snippet:-1","max-image-preview":"max-image-preview:large","max-video-preview":"max-video-preview:-1"},"canonical":"https:\/\/www.derweinhauer.at\/shop\/produkt\/weinbaugebiet\/doc-friuli-isonzo\/tenta-luisa-pinot-grigio\/","og_locale":"de_DE","og_type":"article","og_title":"Tenuta Luisa - Pinot Grigio - der Weinhauer","og_description":"DOC Friuli Isonzo","og_url":"https:\/\/www.derweinhauer.at\/shop\/produkt\/weinbaugebiet\/doc-friuli-isonzo\/tenta-luisa-pinot-grigio\/","og_site_name":"der Weinhauer","article_publisher":"https:\/\/www.facebook.com\/derweinhauer","article_modified_time":"2025-12-15T16:29:42+00:00","og_image":[{"width":200,"height":300,"url":"https:\/\/www.derweinhauer.at\/shop\/wp-content\/uploads\/2021\/11\/Tenta-Luisa_Pinot-Grigio_italienischen_Wein_online_kaufen.png","type":"image\/png"}],"twitter_card":"summary_large_image","twitter_misc":{"Gesch\u00e4tzte Lesezeit":"1\u00a0Minute"},"schema":{"@context":"https:\/\/schema.org","@graph":[{"@type":"WebPage","@id":"https:\/\/www.derweinhauer.at\/shop\/produkt\/weinbaugebiet\/doc-friuli-isonzo\/tenta-luisa-pinot-grigio\/","url":"https:\/\/www.derweinhauer.at\/shop\/produkt\/weinbaugebiet\/doc-friuli-isonzo\/tenta-luisa-pinot-grigio\/","name":"Tenuta Luisa - Pinot Grigio - der Weinhauer","isPartOf":{"@id":"https:\/\/www.derweinhauer.at\/shop\/#website"},"primaryImageOfPage":{"@id":"https:\/\/www.derweinhauer.at\/shop\/produkt\/weinbaugebiet\/doc-friuli-isonzo\/tenta-luisa-pinot-grigio\/#primaryimage"},"image":{"@id":"https:\/\/www.derweinhauer.at\/shop\/produkt\/weinbaugebiet\/doc-friuli-isonzo\/tenta-luisa-pinot-grigio\/#primaryimage"},"thumbnailUrl":"https:\/\/www.derweinhauer.at\/shop\/wp-content\/uploads\/2021\/11\/Tenta-Luisa_Pinot-Grigio_italienischen_Wein_online_kaufen.png","datePublished":"2021-11-09T14:17:12+00:00","dateModified":"2025-12-15T16:29:42+00:00","breadcrumb":{"@id":"https:\/\/www.derweinhauer.at\/shop\/produkt\/weinbaugebiet\/doc-friuli-isonzo\/tenta-luisa-pinot-grigio\/#breadcrumb"},"inLanguage":"de","potentialAction":[{"@type":"ReadAction","target":["https:\/\/www.derweinhauer.at\/shop\/produkt\/weinbaugebiet\/doc-friuli-isonzo\/tenta-luisa-pinot-grigio\/"]}]},{"@type":"ImageObject","inLanguage":"de","@id":"https:\/\/www.derweinhauer.at\/shop\/produkt\/weinbaugebiet\/doc-friuli-isonzo\/tenta-luisa-pinot-grigio\/#primaryimage","url":"https:\/\/www.derweinhauer.at\/shop\/wp-content\/uploads\/2021\/11\/Tenta-Luisa_Pinot-Grigio_italienischen_Wein_online_kaufen.png","contentUrl":"https:\/\/www.derweinhauer.at\/shop\/wp-content\/uploads\/2021\/11\/Tenta-Luisa_Pinot-Grigio_italienischen_Wein_online_kaufen.png","width":200,"height":300},{"@type":"BreadcrumbList","@id":"https:\/\/www.derweinhauer.at\/shop\/produkt\/weinbaugebiet\/doc-friuli-isonzo\/tenta-luisa-pinot-grigio\/#breadcrumb","itemListElement":[{"@type":"ListItem","position":1,"name":"Home","item":"https:\/\/www.derweinhauer.at\/shop\/"},{"@type":"ListItem","position":2,"name":"SHOP","item":"https:\/\/www.derweinhauer.at\/shop\/"},{"@type":"ListItem","position":3,"name":"Tenuta Luisa &#8211; Pinot Grigio"}]},{"@type":"WebSite","@id":"https:\/\/www.derweinhauer.at\/shop\/#website","url":"https:\/\/www.derweinhauer.at\/shop\/","name":"der Weinhauer","description":"Collio.Karst.Steiermark","publisher":{"@id":"https:\/\/www.derweinhauer.at\/shop\/#organization"},"potentialAction":[{"@type":"SearchAction","target":{"@type":"EntryPoint","urlTemplate":"https:\/\/www.derweinhauer.at\/shop\/?s={search_term_string}"},"query-input":{"@type":"PropertyValueSpecification","valueRequired":true,"valueName":"search_term_string"}}],"inLanguage":"de"},{"@type":"Organization","@id":"https:\/\/www.derweinhauer.at\/shop\/#organization","name":"der Weinhauer","url":"https:\/\/www.derweinhauer.at\/shop\/","logo":{"@type":"ImageObject","inLanguage":"de","@id":"https:\/\/www.derweinhauer.at\/shop\/#\/schema\/logo\/image\/","url":"https:\/\/www.derweinhauer.at\/shop\/wp-content\/uploads\/2020\/02\/logo_der_weinhauer5.png","contentUrl":"https:\/\/www.derweinhauer.at\/shop\/wp-content\/uploads\/2020\/02\/logo_der_weinhauer5.png","width":3508,"height":2480,"caption":"der Weinhauer"},"image":{"@id":"https:\/\/www.derweinhauer.at\/shop\/#\/schema\/logo\/image\/"},"sameAs":["https:\/\/www.facebook.com\/derweinhauer"]}]}},"_links":{"self":[{"href":"https:\/\/www.derweinhauer.at\/shop\/wp-json\/wp\/v2\/product\/20252","targetHints":{"allow":["GET"]}}],"collection":[{"href":"https:\/\/www.derweinhauer.at\/shop\/wp-json\/wp\/v2\/product"}],"about":[{"href":"https:\/\/www.derweinhauer.at\/shop\/wp-json\/wp\/v2\/types\/product"}],"wp:featuredmedia":[{"embeddable":true,"href":"https:\/\/www.derweinhauer.at\/shop\/wp-json\/wp\/v2\/media\/20253"}],"wp:attachment":[{"href":"https:\/\/www.derweinhauer.at\/shop\/wp-json\/wp\/v2\/media?parent=20252"}],"wp:term":[{"taxonomy":"product_cat","embeddable":true,"href":"https:\/\/www.derweinhauer.at\/shop\/wp-json\/wp\/v2\/product_cat?post=20252"},{"taxonomy":"product_tag","embeddable":true,"href":"https:\/\/www.derweinhauer.at\/shop\/wp-json\/wp\/v2\/product_tag?post=20252"}],"curies":[{"name":"wp","href":"https:\/\/api.w.org\/{rel}","templated":true}]}}