{"id":21065,"date":"2024-06-15T13:00:10","date_gmt":"2024-06-15T11:00:10","guid":{"rendered":"https:\/\/www.derweinhauer.at\/shop\/produkt\/unkategorisiert\/valdhuber_sauvignon-copy\/"},"modified":"2025-12-15T18:21:01","modified_gmt":"2025-12-15T16:21:01","slug":"valdhuber_muskat","status":"publish","type":"product","link":"https:\/\/www.derweinhauer.at\/shop\/produkt\/weinbaugebiet\/stajerska-slovenija-zgp\/valdhuber_muskat\/","title":{"rendered":"Valdhuber &#8211; Muskat"},"content":{"rendered":"<h2><span style=\"color: #333333;\">Muskat \u2013 ZGP Stajerska<\/span><\/h2>\n<p>Dieses alt\u00f6sterreichische Weingut liegt auf der &#8222;R\u00fcckseite&#8220; der Grenzh\u00fcgel. Jahrhunderte alte Tradition und Weinwissen&#8230;<br \/>\nAlkohol: 11,5 % vol\u00a0 \u00a0 \u00a0 \u00a0 \u00a0 \u00a0 \u00a0Zuckergehalt: 1,8 g\/l\u00a0 \u00a0 \u00a0 \u00a0 \u00a0Gesamts\u00e4ure: 5,58 g\/l\u00a0 \u00a0 \u00a0 \u00a0 \u00a0 pH-Wert: 3,32\u00a0 \u00a0 \u00a0 \u00a0 \u00a0 \u00a0 \u00a0 \u00a0Weinberge: Sve\u010dina, Kresnic<\/p>\n<p><strong>Merkmale<\/strong><br \/>\nLand: Slowenien<br \/>\nWeinbaugebiet: ZGP Stajerska<br \/>\nHersteller: Valdhuber<br \/>\nSorte: Muskateller<br \/>\nTyp: Wei\u00dfwein<br \/>\nEmpfehlung:<br \/>\nInhalt: 0,75 l<br \/>\nAlkoholgehalt:<\/p>\n<p><a href=\"https:\/\/dl.derweinhauer.at\/valdhuber_muskat.pdf\">&gt; mehr Details zum Wein<\/a><\/p>\n<p>&nbsp;<\/p>\n<p>&nbsp;<\/p>\n","protected":false},"excerpt":{"rendered":"<p>Muskat \u2013 ZGP Stajerska Dieses alt\u00f6sterreichische Weingut liegt auf der &#8222;R\u00fcckseite&#8220; der Grenzh\u00fcgel. Jahrhunderte alte Tradition und Weinwissen&#8230; Alkohol: 11,5 % vol\u00a0 \u00a0 \u00a0 \u00a0 \u00a0 \u00a0 \u00a0Zuckergehalt: 1,8 g\/l\u00a0 \u00a0 \u00a0 \u00a0 \u00a0Gesamts\u00e4ure: 5,58 g\/l\u00a0 \u00a0 \u00a0 \u00a0 \u00a0 pH-Wert: 3,32\u00a0 \u00a0 \u00a0 \u00a0 \u00a0 \u00a0 \u00a0 \u00a0Weinberge: Sve\u010dina, Kresnic Merkmale Land: Slowenien Weinbaugebiet: [&hellip;]<\/p>\n","protected":false},"featured_media":21093,"template":"","meta":{"site-sidebar-layout":"default","site-content-layout":"default","ast-site-content-layout":"default","site-content-style":"default","site-sidebar-style":"default","ast-global-header-display":"","ast-banner-title-visibility":"","ast-main-header-display":"","ast-hfb-above-header-display":"","ast-hfb-below-header-display":"","ast-hfb-mobile-header-display":"","site-post-title":"","ast-breadcrumbs-content":"","ast-featured-img":"","footer-sml-layout":"","theme-transparent-header-meta":"default","adv-header-id-meta":"","stick-header-meta":"default","header-above-stick-meta":"","header-main-stick-meta":"","header-below-stick-meta":"","astra-migrate-meta-layouts":"set","ast-page-background-enabled":"default","ast-page-background-meta":{"desktop":{"background-color":"","background-image":"","background-repeat":"repeat","background-position":"center center","background-size":"auto","background-attachment":"scroll","background-type":"","background-media":"","overlay-type":"","overlay-color":"","overlay-opacity":"","overlay-gradient":""},"tablet":{"background-color":"","background-image":"","background-repeat":"repeat","background-position":"center center","background-size":"auto","background-attachment":"scroll","background-type":"","background-media":"","overlay-type":"","overlay-color":"","overlay-opacity":"","overlay-gradient":""},"mobile":{"background-color":"","background-image":"","background-repeat":"repeat","background-position":"center center","background-size":"auto","background-attachment":"scroll","background-type":"","background-media":"","overlay-type":"","overlay-color":"","overlay-opacity":"","overlay-gradient":""}},"ast-content-background-meta":{"desktop":{"background-color":"var(--ast-global-color-5)","background-image":"","background-repeat":"repeat","background-position":"center center","background-size":"auto","background-attachment":"scroll","background-type":"","background-media":"","overlay-type":"","overlay-color":"","overlay-opacity":"","overlay-gradient":""},"tablet":{"background-color":"var(--ast-global-color-5)","background-image":"","background-repeat":"repeat","background-position":"center center","background-size":"auto","background-attachment":"scroll","background-type":"","background-media":"","overlay-type":"","overlay-color":"","overlay-opacity":"","overlay-gradient":""},"mobile":{"background-color":"var(--ast-global-color-5)","background-image":"","background-repeat":"repeat","background-position":"center center","background-size":"auto","background-attachment":"scroll","background-type":"","background-media":"","overlay-type":"","overlay-color":"","overlay-opacity":"","overlay-gradient":""}}},"product_cat":[528,460,475,500],"product_tag":[],"class_list":{"0":"post-21065","1":"product","2":"type-product","3":"status-publish","4":"has-post-thumbnail","6":"product_cat-valdlhuber","7":"product_cat-weisswein","8":"product_cat-muskateller","9":"product_cat-stajerska-slovenija-zgp","10":"product_shipping_class-paketdienst","11":"align-center","12":"box-shadow-2","13":"box-shadow-5-hover","14":"ast-product-gallery-layout-horizontal","15":"ast-product-gallery-with-no-image","16":"ast-product-tabs-layout-vertical","18":"first","19":"instock","20":"taxable","21":"shipping-taxable","22":"purchasable","23":"product-type-simple","24":"add-to-wishlist-before_image"},"yoast_head":"<!-- This site is optimized with the Yoast SEO plugin v24.2 - https:\/\/yoast.com\/wordpress\/plugins\/seo\/ -->\n<title>Valdhuber - Muskat - der Weinhauer<\/title>\n<meta name=\"robots\" content=\"index, follow, max-snippet:-1, max-image-preview:large, max-video-preview:-1\" \/>\n<link rel=\"canonical\" href=\"https:\/\/www.derweinhauer.at\/shop\/produkt\/weinbaugebiet\/stajerska-slovenija-zgp\/valdhuber_muskat\/\" \/>\n<meta property=\"og:locale\" content=\"de_DE\" \/>\n<meta property=\"og:type\" content=\"article\" \/>\n<meta property=\"og:title\" content=\"Valdhuber - Muskat - der Weinhauer\" \/>\n<meta property=\"og:description\" content=\"Muskat \u2013 ZGP Stajerska Dieses alt\u00f6sterreichische Weingut liegt auf der &#8222;R\u00fcckseite&#8220; der Grenzh\u00fcgel. Jahrhunderte alte Tradition und Weinwissen&#8230; Alkohol: 11,5 % vol\u00a0 \u00a0 \u00a0 \u00a0 \u00a0 \u00a0 \u00a0Zuckergehalt: 1,8 g\/l\u00a0 \u00a0 \u00a0 \u00a0 \u00a0Gesamts\u00e4ure: 5,58 g\/l\u00a0 \u00a0 \u00a0 \u00a0 \u00a0 pH-Wert: 3,32\u00a0 \u00a0 \u00a0 \u00a0 \u00a0 \u00a0 \u00a0 \u00a0Weinberge: Sve\u010dina, Kresnic Merkmale Land: Slowenien Weinbaugebiet: [&hellip;]\" \/>\n<meta property=\"og:url\" content=\"https:\/\/www.derweinhauer.at\/shop\/produkt\/weinbaugebiet\/stajerska-slovenija-zgp\/valdhuber_muskat\/\" \/>\n<meta property=\"og:site_name\" content=\"der Weinhauer\" \/>\n<meta property=\"article:publisher\" content=\"https:\/\/www.facebook.com\/derweinhauer\" \/>\n<meta property=\"article:modified_time\" content=\"2025-12-15T16:21:01+00:00\" \/>\n<meta property=\"og:image\" content=\"https:\/\/www.derweinhauer.at\/shop\/wp-content\/uploads\/2024\/06\/Valdhuber-Cuvee-Muskat.jpg\" \/>\n\t<meta property=\"og:image:width\" content=\"328\" \/>\n\t<meta property=\"og:image:height\" content=\"488\" \/>\n\t<meta property=\"og:image:type\" content=\"image\/jpeg\" \/>\n<meta name=\"twitter:card\" content=\"summary_large_image\" \/>\n<meta name=\"twitter:label1\" content=\"Gesch\u00e4tzte Lesezeit\" \/>\n\t<meta name=\"twitter:data1\" content=\"1\u00a0Minute\" \/>\n<script type=\"application\/ld+json\" class=\"yoast-schema-graph\">{\"@context\":\"https:\/\/schema.org\",\"@graph\":[{\"@type\":\"WebPage\",\"@id\":\"https:\/\/www.derweinhauer.at\/shop\/produkt\/weinbaugebiet\/stajerska-slovenija-zgp\/valdhuber_muskat\/\",\"url\":\"https:\/\/www.derweinhauer.at\/shop\/produkt\/weinbaugebiet\/stajerska-slovenija-zgp\/valdhuber_muskat\/\",\"name\":\"Valdhuber - Muskat - der Weinhauer\",\"isPartOf\":{\"@id\":\"https:\/\/www.derweinhauer.at\/shop\/#website\"},\"primaryImageOfPage\":{\"@id\":\"https:\/\/www.derweinhauer.at\/shop\/produkt\/weinbaugebiet\/stajerska-slovenija-zgp\/valdhuber_muskat\/#primaryimage\"},\"image\":{\"@id\":\"https:\/\/www.derweinhauer.at\/shop\/produkt\/weinbaugebiet\/stajerska-slovenija-zgp\/valdhuber_muskat\/#primaryimage\"},\"thumbnailUrl\":\"https:\/\/www.derweinhauer.at\/shop\/wp-content\/uploads\/2024\/06\/Valdhuber-Cuvee-Muskat.jpg\",\"datePublished\":\"2024-06-15T11:00:10+00:00\",\"dateModified\":\"2025-12-15T16:21:01+00:00\",\"breadcrumb\":{\"@id\":\"https:\/\/www.derweinhauer.at\/shop\/produkt\/weinbaugebiet\/stajerska-slovenija-zgp\/valdhuber_muskat\/#breadcrumb\"},\"inLanguage\":\"de\",\"potentialAction\":[{\"@type\":\"ReadAction\",\"target\":[\"https:\/\/www.derweinhauer.at\/shop\/produkt\/weinbaugebiet\/stajerska-slovenija-zgp\/valdhuber_muskat\/\"]}]},{\"@type\":\"ImageObject\",\"inLanguage\":\"de\",\"@id\":\"https:\/\/www.derweinhauer.at\/shop\/produkt\/weinbaugebiet\/stajerska-slovenija-zgp\/valdhuber_muskat\/#primaryimage\",\"url\":\"https:\/\/www.derweinhauer.at\/shop\/wp-content\/uploads\/2024\/06\/Valdhuber-Cuvee-Muskat.jpg\",\"contentUrl\":\"https:\/\/www.derweinhauer.at\/shop\/wp-content\/uploads\/2024\/06\/Valdhuber-Cuvee-Muskat.jpg\",\"width\":328,\"height\":488},{\"@type\":\"BreadcrumbList\",\"@id\":\"https:\/\/www.derweinhauer.at\/shop\/produkt\/weinbaugebiet\/stajerska-slovenija-zgp\/valdhuber_muskat\/#breadcrumb\",\"itemListElement\":[{\"@type\":\"ListItem\",\"position\":1,\"name\":\"Home\",\"item\":\"https:\/\/www.derweinhauer.at\/shop\/\"},{\"@type\":\"ListItem\",\"position\":2,\"name\":\"SHOP\",\"item\":\"https:\/\/www.derweinhauer.at\/shop\/\"},{\"@type\":\"ListItem\",\"position\":3,\"name\":\"Valdhuber &#8211; Muskat\"}]},{\"@type\":\"WebSite\",\"@id\":\"https:\/\/www.derweinhauer.at\/shop\/#website\",\"url\":\"https:\/\/www.derweinhauer.at\/shop\/\",\"name\":\"der Weinhauer\",\"description\":\"Collio.Karst.Steiermark\",\"publisher\":{\"@id\":\"https:\/\/www.derweinhauer.at\/shop\/#organization\"},\"potentialAction\":[{\"@type\":\"SearchAction\",\"target\":{\"@type\":\"EntryPoint\",\"urlTemplate\":\"https:\/\/www.derweinhauer.at\/shop\/?s={search_term_string}\"},\"query-input\":{\"@type\":\"PropertyValueSpecification\",\"valueRequired\":true,\"valueName\":\"search_term_string\"}}],\"inLanguage\":\"de\"},{\"@type\":\"Organization\",\"@id\":\"https:\/\/www.derweinhauer.at\/shop\/#organization\",\"name\":\"der Weinhauer\",\"url\":\"https:\/\/www.derweinhauer.at\/shop\/\",\"logo\":{\"@type\":\"ImageObject\",\"inLanguage\":\"de\",\"@id\":\"https:\/\/www.derweinhauer.at\/shop\/#\/schema\/logo\/image\/\",\"url\":\"https:\/\/www.derweinhauer.at\/shop\/wp-content\/uploads\/2020\/02\/logo_der_weinhauer5.png\",\"contentUrl\":\"https:\/\/www.derweinhauer.at\/shop\/wp-content\/uploads\/2020\/02\/logo_der_weinhauer5.png\",\"width\":3508,\"height\":2480,\"caption\":\"der Weinhauer\"},\"image\":{\"@id\":\"https:\/\/www.derweinhauer.at\/shop\/#\/schema\/logo\/image\/\"},\"sameAs\":[\"https:\/\/www.facebook.com\/derweinhauer\"]}]}<\/script>\n<!-- \/ Yoast SEO plugin. -->","yoast_head_json":{"title":"Valdhuber - Muskat - der Weinhauer","robots":{"index":"index","follow":"follow","max-snippet":"max-snippet:-1","max-image-preview":"max-image-preview:large","max-video-preview":"max-video-preview:-1"},"canonical":"https:\/\/www.derweinhauer.at\/shop\/produkt\/weinbaugebiet\/stajerska-slovenija-zgp\/valdhuber_muskat\/","og_locale":"de_DE","og_type":"article","og_title":"Valdhuber - Muskat - der Weinhauer","og_description":"Muskat \u2013 ZGP Stajerska Dieses alt\u00f6sterreichische Weingut liegt auf der &#8222;R\u00fcckseite&#8220; der Grenzh\u00fcgel. Jahrhunderte alte Tradition und Weinwissen&#8230; Alkohol: 11,5 % vol\u00a0 \u00a0 \u00a0 \u00a0 \u00a0 \u00a0 \u00a0Zuckergehalt: 1,8 g\/l\u00a0 \u00a0 \u00a0 \u00a0 \u00a0Gesamts\u00e4ure: 5,58 g\/l\u00a0 \u00a0 \u00a0 \u00a0 \u00a0 pH-Wert: 3,32\u00a0 \u00a0 \u00a0 \u00a0 \u00a0 \u00a0 \u00a0 \u00a0Weinberge: Sve\u010dina, Kresnic Merkmale Land: Slowenien Weinbaugebiet: [&hellip;]","og_url":"https:\/\/www.derweinhauer.at\/shop\/produkt\/weinbaugebiet\/stajerska-slovenija-zgp\/valdhuber_muskat\/","og_site_name":"der Weinhauer","article_publisher":"https:\/\/www.facebook.com\/derweinhauer","article_modified_time":"2025-12-15T16:21:01+00:00","og_image":[{"width":328,"height":488,"url":"https:\/\/www.derweinhauer.at\/shop\/wp-content\/uploads\/2024\/06\/Valdhuber-Cuvee-Muskat.jpg","type":"image\/jpeg"}],"twitter_card":"summary_large_image","twitter_misc":{"Gesch\u00e4tzte Lesezeit":"1\u00a0Minute"},"schema":{"@context":"https:\/\/schema.org","@graph":[{"@type":"WebPage","@id":"https:\/\/www.derweinhauer.at\/shop\/produkt\/weinbaugebiet\/stajerska-slovenija-zgp\/valdhuber_muskat\/","url":"https:\/\/www.derweinhauer.at\/shop\/produkt\/weinbaugebiet\/stajerska-slovenija-zgp\/valdhuber_muskat\/","name":"Valdhuber - Muskat - der Weinhauer","isPartOf":{"@id":"https:\/\/www.derweinhauer.at\/shop\/#website"},"primaryImageOfPage":{"@id":"https:\/\/www.derweinhauer.at\/shop\/produkt\/weinbaugebiet\/stajerska-slovenija-zgp\/valdhuber_muskat\/#primaryimage"},"image":{"@id":"https:\/\/www.derweinhauer.at\/shop\/produkt\/weinbaugebiet\/stajerska-slovenija-zgp\/valdhuber_muskat\/#primaryimage"},"thumbnailUrl":"https:\/\/www.derweinhauer.at\/shop\/wp-content\/uploads\/2024\/06\/Valdhuber-Cuvee-Muskat.jpg","datePublished":"2024-06-15T11:00:10+00:00","dateModified":"2025-12-15T16:21:01+00:00","breadcrumb":{"@id":"https:\/\/www.derweinhauer.at\/shop\/produkt\/weinbaugebiet\/stajerska-slovenija-zgp\/valdhuber_muskat\/#breadcrumb"},"inLanguage":"de","potentialAction":[{"@type":"ReadAction","target":["https:\/\/www.derweinhauer.at\/shop\/produkt\/weinbaugebiet\/stajerska-slovenija-zgp\/valdhuber_muskat\/"]}]},{"@type":"ImageObject","inLanguage":"de","@id":"https:\/\/www.derweinhauer.at\/shop\/produkt\/weinbaugebiet\/stajerska-slovenija-zgp\/valdhuber_muskat\/#primaryimage","url":"https:\/\/www.derweinhauer.at\/shop\/wp-content\/uploads\/2024\/06\/Valdhuber-Cuvee-Muskat.jpg","contentUrl":"https:\/\/www.derweinhauer.at\/shop\/wp-content\/uploads\/2024\/06\/Valdhuber-Cuvee-Muskat.jpg","width":328,"height":488},{"@type":"BreadcrumbList","@id":"https:\/\/www.derweinhauer.at\/shop\/produkt\/weinbaugebiet\/stajerska-slovenija-zgp\/valdhuber_muskat\/#breadcrumb","itemListElement":[{"@type":"ListItem","position":1,"name":"Home","item":"https:\/\/www.derweinhauer.at\/shop\/"},{"@type":"ListItem","position":2,"name":"SHOP","item":"https:\/\/www.derweinhauer.at\/shop\/"},{"@type":"ListItem","position":3,"name":"Valdhuber &#8211; Muskat"}]},{"@type":"WebSite","@id":"https:\/\/www.derweinhauer.at\/shop\/#website","url":"https:\/\/www.derweinhauer.at\/shop\/","name":"der Weinhauer","description":"Collio.Karst.Steiermark","publisher":{"@id":"https:\/\/www.derweinhauer.at\/shop\/#organization"},"potentialAction":[{"@type":"SearchAction","target":{"@type":"EntryPoint","urlTemplate":"https:\/\/www.derweinhauer.at\/shop\/?s={search_term_string}"},"query-input":{"@type":"PropertyValueSpecification","valueRequired":true,"valueName":"search_term_string"}}],"inLanguage":"de"},{"@type":"Organization","@id":"https:\/\/www.derweinhauer.at\/shop\/#organization","name":"der Weinhauer","url":"https:\/\/www.derweinhauer.at\/shop\/","logo":{"@type":"ImageObject","inLanguage":"de","@id":"https:\/\/www.derweinhauer.at\/shop\/#\/schema\/logo\/image\/","url":"https:\/\/www.derweinhauer.at\/shop\/wp-content\/uploads\/2020\/02\/logo_der_weinhauer5.png","contentUrl":"https:\/\/www.derweinhauer.at\/shop\/wp-content\/uploads\/2020\/02\/logo_der_weinhauer5.png","width":3508,"height":2480,"caption":"der Weinhauer"},"image":{"@id":"https:\/\/www.derweinhauer.at\/shop\/#\/schema\/logo\/image\/"},"sameAs":["https:\/\/www.facebook.com\/derweinhauer"]}]}},"_links":{"self":[{"href":"https:\/\/www.derweinhauer.at\/shop\/wp-json\/wp\/v2\/product\/21065","targetHints":{"allow":["GET"]}}],"collection":[{"href":"https:\/\/www.derweinhauer.at\/shop\/wp-json\/wp\/v2\/product"}],"about":[{"href":"https:\/\/www.derweinhauer.at\/shop\/wp-json\/wp\/v2\/types\/product"}],"wp:featuredmedia":[{"embeddable":true,"href":"https:\/\/www.derweinhauer.at\/shop\/wp-json\/wp\/v2\/media\/21093"}],"wp:attachment":[{"href":"https:\/\/www.derweinhauer.at\/shop\/wp-json\/wp\/v2\/media?parent=21065"}],"wp:term":[{"taxonomy":"product_cat","embeddable":true,"href":"https:\/\/www.derweinhauer.at\/shop\/wp-json\/wp\/v2\/product_cat?post=21065"},{"taxonomy":"product_tag","embeddable":true,"href":"https:\/\/www.derweinhauer.at\/shop\/wp-json\/wp\/v2\/product_tag?post=21065"}],"curies":[{"name":"wp","href":"https:\/\/api.w.org\/{rel}","templated":true}]}}