{"id":21102,"date":"2024-10-11T12:11:18","date_gmt":"2024-10-11T10:11:18","guid":{"rendered":"https:\/\/www.derweinhauer.at\/shop\/produkt\/unkategorisiert\/collavini-merlot-copy\/"},"modified":"2025-12-16T07:57:17","modified_gmt":"2025-12-16T05:57:17","slug":"collavini-ribolla-gialla","status":"publish","type":"product","link":"https:\/\/www.derweinhauer.at\/shop\/produkt\/weinbaugebiet\/igt-venezia-giulia\/collavini-ribolla-gialla\/","title":{"rendered":"Collavini &#8211; Ribolla Gialla Benedette"},"content":{"rendered":"<h2><strong>Collavini Ribolla Gialla &#8222;Benedete&#8220;<\/strong><\/h2>\n<p>\u201eBenedete\u201c ist ein Name, der an die jahrhundertealte Geschichte von Ribolla erinnern soll.<br \/>\nDiese alte Rebsorte hat ihren Ursprung in den H\u00fcgeln Ostfriauls, wo sie in der Vergangenheit von den Benediktinerm\u00f6nchen der Abtei von Rosazzo angebaut wurde, die dann ihre Verbreitung in den Gebieten Colli Orientali, Collio und Brda (slowenisches Collio) f\u00f6rderten.<br \/>\nDer Most der sp\u00e4t gepfl\u00fcckten Trauben wird nach einer Mazeration auf den Schalen f\u00fcr 6 Stunden bei 13\u00b0C vergoren und reift in Edelstahltanks.<\/p>\n<p><strong>Merkmale<\/strong><br \/>\nLand: Italien<br \/>\nWeinbaugebiet: IGT Venezia Giulia<br \/>\nHersteller: Collavini<br \/>\nSorte: Ribolla Gialla<br \/>\nTyp: Weisswein<br \/>\nEmpfehlung: Die Speisenbegleitung reicht vom klassischen Aperitif bis hin zu Fisch-Vorspeisen und Schalentieren; Auch zu frischen und mittelreifen K\u00e4sesorten schmeckt er hervorragend.<br \/>\nInhalt: 0,75 l<br \/>\nAlkoholgehalt: 12,5%<\/p>\n<p><a href=\"https:\/\/dl.derweinhauer.at\/collavini_ribolgialla.pdf\">&gt; mehr Details zum Wein<\/a><\/p>\n","protected":false},"excerpt":{"rendered":"<p>IGT Venezia Giulia<\/p>\n","protected":false},"featured_media":21104,"template":"","meta":{"site-sidebar-layout":"default","site-content-layout":"default","ast-site-content-layout":"default","site-content-style":"default","site-sidebar-style":"default","ast-global-header-display":"","ast-banner-title-visibility":"","ast-main-header-display":"","ast-hfb-above-header-display":"","ast-hfb-below-header-display":"","ast-hfb-mobile-header-display":"","site-post-title":"","ast-breadcrumbs-content":"","ast-featured-img":"","footer-sml-layout":"","theme-transparent-header-meta":"default","adv-header-id-meta":"","stick-header-meta":"default","header-above-stick-meta":"","header-main-stick-meta":"","header-below-stick-meta":"","astra-migrate-meta-layouts":"set","ast-page-background-enabled":"default","ast-page-background-meta":{"desktop":{"background-color":"","background-image":"","background-repeat":"repeat","background-position":"center center","background-size":"auto","background-attachment":"scroll","background-type":"","background-media":"","overlay-type":"","overlay-color":"","overlay-opacity":"","overlay-gradient":""},"tablet":{"background-color":"","background-image":"","background-repeat":"repeat","background-position":"center center","background-size":"auto","background-attachment":"scroll","background-type":"","background-media":"","overlay-type":"","overlay-color":"","overlay-opacity":"","overlay-gradient":""},"mobile":{"background-color":"","background-image":"","background-repeat":"repeat","background-position":"center center","background-size":"auto","background-attachment":"scroll","background-type":"","background-media":"","overlay-type":"","overlay-color":"","overlay-opacity":"","overlay-gradient":""}},"ast-content-background-meta":{"desktop":{"background-color":"var(--ast-global-color-5)","background-image":"","background-repeat":"repeat","background-position":"center center","background-size":"auto","background-attachment":"scroll","background-type":"","background-media":"","overlay-type":"","overlay-color":"","overlay-opacity":"","overlay-gradient":""},"tablet":{"background-color":"var(--ast-global-color-5)","background-image":"","background-repeat":"repeat","background-position":"center center","background-size":"auto","background-attachment":"scroll","background-type":"","background-media":"","overlay-type":"","overlay-color":"","overlay-opacity":"","overlay-gradient":""},"mobile":{"background-color":"var(--ast-global-color-5)","background-image":"","background-repeat":"repeat","background-position":"center center","background-size":"auto","background-attachment":"scroll","background-type":"","background-media":"","overlay-type":"","overlay-color":"","overlay-opacity":"","overlay-gradient":""}}},"product_cat":[461,486,474,497],"product_tag":[],"class_list":{"0":"post-21102","1":"product","2":"type-product","3":"status-publish","4":"has-post-thumbnail","6":"product_cat-rotwein","7":"product_cat-weingut-collavini","8":"product_cat-merlot","9":"product_cat-igt-venezia-giulia","10":"product_shipping_class-paketdienst","11":"align-center","12":"box-shadow-2","13":"box-shadow-5-hover","14":"ast-product-gallery-layout-horizontal","15":"ast-product-gallery-with-no-image","16":"ast-product-tabs-layout-vertical","18":"first","19":"instock","20":"taxable","21":"shipping-taxable","22":"purchasable","23":"product-type-simple","24":"add-to-wishlist-before_image"},"yoast_head":"<!-- This site is optimized with the Yoast SEO plugin v24.2 - https:\/\/yoast.com\/wordpress\/plugins\/seo\/ -->\n<title>Collavini - Ribolla Gialla Benedette - der Weinhauer<\/title>\n<meta name=\"robots\" content=\"index, follow, max-snippet:-1, max-image-preview:large, max-video-preview:-1\" \/>\n<link rel=\"canonical\" href=\"https:\/\/www.derweinhauer.at\/shop\/produkt\/weinbaugebiet\/igt-venezia-giulia\/collavini-ribolla-gialla\/\" \/>\n<meta property=\"og:locale\" content=\"de_DE\" \/>\n<meta property=\"og:type\" content=\"article\" \/>\n<meta property=\"og:title\" content=\"Collavini - Ribolla Gialla Benedette - der Weinhauer\" \/>\n<meta property=\"og:description\" content=\"IGT Venezia Giulia\" \/>\n<meta property=\"og:url\" content=\"https:\/\/www.derweinhauer.at\/shop\/produkt\/weinbaugebiet\/igt-venezia-giulia\/collavini-ribolla-gialla\/\" \/>\n<meta property=\"og:site_name\" content=\"der Weinhauer\" \/>\n<meta property=\"article:publisher\" content=\"https:\/\/www.facebook.com\/derweinhauer\" \/>\n<meta property=\"article:modified_time\" content=\"2025-12-16T05:57:17+00:00\" \/>\n<meta property=\"og:image\" content=\"https:\/\/www.derweinhauer.at\/shop\/wp-content\/uploads\/2024\/10\/Ribolla-Gialla-IGT-Benedete-ENG_2021.pdf.jpg\" \/>\n\t<meta property=\"og:image:width\" content=\"599\" \/>\n\t<meta property=\"og:image:height\" content=\"902\" \/>\n\t<meta property=\"og:image:type\" content=\"image\/jpeg\" \/>\n<meta name=\"twitter:card\" content=\"summary_large_image\" \/>\n<meta name=\"twitter:label1\" content=\"Gesch\u00e4tzte Lesezeit\" \/>\n\t<meta name=\"twitter:data1\" content=\"1\u00a0Minute\" \/>\n<script type=\"application\/ld+json\" class=\"yoast-schema-graph\">{\"@context\":\"https:\/\/schema.org\",\"@graph\":[{\"@type\":\"WebPage\",\"@id\":\"https:\/\/www.derweinhauer.at\/shop\/produkt\/weinbaugebiet\/igt-venezia-giulia\/collavini-ribolla-gialla\/\",\"url\":\"https:\/\/www.derweinhauer.at\/shop\/produkt\/weinbaugebiet\/igt-venezia-giulia\/collavini-ribolla-gialla\/\",\"name\":\"Collavini - Ribolla Gialla Benedette - der Weinhauer\",\"isPartOf\":{\"@id\":\"https:\/\/www.derweinhauer.at\/shop\/#website\"},\"primaryImageOfPage\":{\"@id\":\"https:\/\/www.derweinhauer.at\/shop\/produkt\/weinbaugebiet\/igt-venezia-giulia\/collavini-ribolla-gialla\/#primaryimage\"},\"image\":{\"@id\":\"https:\/\/www.derweinhauer.at\/shop\/produkt\/weinbaugebiet\/igt-venezia-giulia\/collavini-ribolla-gialla\/#primaryimage\"},\"thumbnailUrl\":\"https:\/\/www.derweinhauer.at\/shop\/wp-content\/uploads\/2024\/10\/Ribolla-Gialla-IGT-Benedete-ENG_2021.pdf.jpg\",\"datePublished\":\"2024-10-11T10:11:18+00:00\",\"dateModified\":\"2025-12-16T05:57:17+00:00\",\"breadcrumb\":{\"@id\":\"https:\/\/www.derweinhauer.at\/shop\/produkt\/weinbaugebiet\/igt-venezia-giulia\/collavini-ribolla-gialla\/#breadcrumb\"},\"inLanguage\":\"de\",\"potentialAction\":[{\"@type\":\"ReadAction\",\"target\":[\"https:\/\/www.derweinhauer.at\/shop\/produkt\/weinbaugebiet\/igt-venezia-giulia\/collavini-ribolla-gialla\/\"]}]},{\"@type\":\"ImageObject\",\"inLanguage\":\"de\",\"@id\":\"https:\/\/www.derweinhauer.at\/shop\/produkt\/weinbaugebiet\/igt-venezia-giulia\/collavini-ribolla-gialla\/#primaryimage\",\"url\":\"https:\/\/www.derweinhauer.at\/shop\/wp-content\/uploads\/2024\/10\/Ribolla-Gialla-IGT-Benedete-ENG_2021.pdf.jpg\",\"contentUrl\":\"https:\/\/www.derweinhauer.at\/shop\/wp-content\/uploads\/2024\/10\/Ribolla-Gialla-IGT-Benedete-ENG_2021.pdf.jpg\",\"width\":599,\"height\":902},{\"@type\":\"BreadcrumbList\",\"@id\":\"https:\/\/www.derweinhauer.at\/shop\/produkt\/weinbaugebiet\/igt-venezia-giulia\/collavini-ribolla-gialla\/#breadcrumb\",\"itemListElement\":[{\"@type\":\"ListItem\",\"position\":1,\"name\":\"Home\",\"item\":\"https:\/\/www.derweinhauer.at\/shop\/\"},{\"@type\":\"ListItem\",\"position\":2,\"name\":\"SHOP\",\"item\":\"https:\/\/www.derweinhauer.at\/shop\/\"},{\"@type\":\"ListItem\",\"position\":3,\"name\":\"Collavini &#8211; Ribolla Gialla Benedette\"}]},{\"@type\":\"WebSite\",\"@id\":\"https:\/\/www.derweinhauer.at\/shop\/#website\",\"url\":\"https:\/\/www.derweinhauer.at\/shop\/\",\"name\":\"der Weinhauer\",\"description\":\"Collio.Karst.Steiermark\",\"publisher\":{\"@id\":\"https:\/\/www.derweinhauer.at\/shop\/#organization\"},\"potentialAction\":[{\"@type\":\"SearchAction\",\"target\":{\"@type\":\"EntryPoint\",\"urlTemplate\":\"https:\/\/www.derweinhauer.at\/shop\/?s={search_term_string}\"},\"query-input\":{\"@type\":\"PropertyValueSpecification\",\"valueRequired\":true,\"valueName\":\"search_term_string\"}}],\"inLanguage\":\"de\"},{\"@type\":\"Organization\",\"@id\":\"https:\/\/www.derweinhauer.at\/shop\/#organization\",\"name\":\"der Weinhauer\",\"url\":\"https:\/\/www.derweinhauer.at\/shop\/\",\"logo\":{\"@type\":\"ImageObject\",\"inLanguage\":\"de\",\"@id\":\"https:\/\/www.derweinhauer.at\/shop\/#\/schema\/logo\/image\/\",\"url\":\"https:\/\/www.derweinhauer.at\/shop\/wp-content\/uploads\/2020\/02\/logo_der_weinhauer5.png\",\"contentUrl\":\"https:\/\/www.derweinhauer.at\/shop\/wp-content\/uploads\/2020\/02\/logo_der_weinhauer5.png\",\"width\":3508,\"height\":2480,\"caption\":\"der Weinhauer\"},\"image\":{\"@id\":\"https:\/\/www.derweinhauer.at\/shop\/#\/schema\/logo\/image\/\"},\"sameAs\":[\"https:\/\/www.facebook.com\/derweinhauer\"]}]}<\/script>\n<!-- \/ Yoast SEO plugin. -->","yoast_head_json":{"title":"Collavini - Ribolla Gialla Benedette - der Weinhauer","robots":{"index":"index","follow":"follow","max-snippet":"max-snippet:-1","max-image-preview":"max-image-preview:large","max-video-preview":"max-video-preview:-1"},"canonical":"https:\/\/www.derweinhauer.at\/shop\/produkt\/weinbaugebiet\/igt-venezia-giulia\/collavini-ribolla-gialla\/","og_locale":"de_DE","og_type":"article","og_title":"Collavini - Ribolla Gialla Benedette - der Weinhauer","og_description":"IGT Venezia Giulia","og_url":"https:\/\/www.derweinhauer.at\/shop\/produkt\/weinbaugebiet\/igt-venezia-giulia\/collavini-ribolla-gialla\/","og_site_name":"der Weinhauer","article_publisher":"https:\/\/www.facebook.com\/derweinhauer","article_modified_time":"2025-12-16T05:57:17+00:00","og_image":[{"width":599,"height":902,"url":"https:\/\/www.derweinhauer.at\/shop\/wp-content\/uploads\/2024\/10\/Ribolla-Gialla-IGT-Benedete-ENG_2021.pdf.jpg","type":"image\/jpeg"}],"twitter_card":"summary_large_image","twitter_misc":{"Gesch\u00e4tzte Lesezeit":"1\u00a0Minute"},"schema":{"@context":"https:\/\/schema.org","@graph":[{"@type":"WebPage","@id":"https:\/\/www.derweinhauer.at\/shop\/produkt\/weinbaugebiet\/igt-venezia-giulia\/collavini-ribolla-gialla\/","url":"https:\/\/www.derweinhauer.at\/shop\/produkt\/weinbaugebiet\/igt-venezia-giulia\/collavini-ribolla-gialla\/","name":"Collavini - Ribolla Gialla Benedette - der Weinhauer","isPartOf":{"@id":"https:\/\/www.derweinhauer.at\/shop\/#website"},"primaryImageOfPage":{"@id":"https:\/\/www.derweinhauer.at\/shop\/produkt\/weinbaugebiet\/igt-venezia-giulia\/collavini-ribolla-gialla\/#primaryimage"},"image":{"@id":"https:\/\/www.derweinhauer.at\/shop\/produkt\/weinbaugebiet\/igt-venezia-giulia\/collavini-ribolla-gialla\/#primaryimage"},"thumbnailUrl":"https:\/\/www.derweinhauer.at\/shop\/wp-content\/uploads\/2024\/10\/Ribolla-Gialla-IGT-Benedete-ENG_2021.pdf.jpg","datePublished":"2024-10-11T10:11:18+00:00","dateModified":"2025-12-16T05:57:17+00:00","breadcrumb":{"@id":"https:\/\/www.derweinhauer.at\/shop\/produkt\/weinbaugebiet\/igt-venezia-giulia\/collavini-ribolla-gialla\/#breadcrumb"},"inLanguage":"de","potentialAction":[{"@type":"ReadAction","target":["https:\/\/www.derweinhauer.at\/shop\/produkt\/weinbaugebiet\/igt-venezia-giulia\/collavini-ribolla-gialla\/"]}]},{"@type":"ImageObject","inLanguage":"de","@id":"https:\/\/www.derweinhauer.at\/shop\/produkt\/weinbaugebiet\/igt-venezia-giulia\/collavini-ribolla-gialla\/#primaryimage","url":"https:\/\/www.derweinhauer.at\/shop\/wp-content\/uploads\/2024\/10\/Ribolla-Gialla-IGT-Benedete-ENG_2021.pdf.jpg","contentUrl":"https:\/\/www.derweinhauer.at\/shop\/wp-content\/uploads\/2024\/10\/Ribolla-Gialla-IGT-Benedete-ENG_2021.pdf.jpg","width":599,"height":902},{"@type":"BreadcrumbList","@id":"https:\/\/www.derweinhauer.at\/shop\/produkt\/weinbaugebiet\/igt-venezia-giulia\/collavini-ribolla-gialla\/#breadcrumb","itemListElement":[{"@type":"ListItem","position":1,"name":"Home","item":"https:\/\/www.derweinhauer.at\/shop\/"},{"@type":"ListItem","position":2,"name":"SHOP","item":"https:\/\/www.derweinhauer.at\/shop\/"},{"@type":"ListItem","position":3,"name":"Collavini &#8211; Ribolla Gialla Benedette"}]},{"@type":"WebSite","@id":"https:\/\/www.derweinhauer.at\/shop\/#website","url":"https:\/\/www.derweinhauer.at\/shop\/","name":"der Weinhauer","description":"Collio.Karst.Steiermark","publisher":{"@id":"https:\/\/www.derweinhauer.at\/shop\/#organization"},"potentialAction":[{"@type":"SearchAction","target":{"@type":"EntryPoint","urlTemplate":"https:\/\/www.derweinhauer.at\/shop\/?s={search_term_string}"},"query-input":{"@type":"PropertyValueSpecification","valueRequired":true,"valueName":"search_term_string"}}],"inLanguage":"de"},{"@type":"Organization","@id":"https:\/\/www.derweinhauer.at\/shop\/#organization","name":"der Weinhauer","url":"https:\/\/www.derweinhauer.at\/shop\/","logo":{"@type":"ImageObject","inLanguage":"de","@id":"https:\/\/www.derweinhauer.at\/shop\/#\/schema\/logo\/image\/","url":"https:\/\/www.derweinhauer.at\/shop\/wp-content\/uploads\/2020\/02\/logo_der_weinhauer5.png","contentUrl":"https:\/\/www.derweinhauer.at\/shop\/wp-content\/uploads\/2020\/02\/logo_der_weinhauer5.png","width":3508,"height":2480,"caption":"der Weinhauer"},"image":{"@id":"https:\/\/www.derweinhauer.at\/shop\/#\/schema\/logo\/image\/"},"sameAs":["https:\/\/www.facebook.com\/derweinhauer"]}]}},"_links":{"self":[{"href":"https:\/\/www.derweinhauer.at\/shop\/wp-json\/wp\/v2\/product\/21102","targetHints":{"allow":["GET"]}}],"collection":[{"href":"https:\/\/www.derweinhauer.at\/shop\/wp-json\/wp\/v2\/product"}],"about":[{"href":"https:\/\/www.derweinhauer.at\/shop\/wp-json\/wp\/v2\/types\/product"}],"wp:featuredmedia":[{"embeddable":true,"href":"https:\/\/www.derweinhauer.at\/shop\/wp-json\/wp\/v2\/media\/21104"}],"wp:attachment":[{"href":"https:\/\/www.derweinhauer.at\/shop\/wp-json\/wp\/v2\/media?parent=21102"}],"wp:term":[{"taxonomy":"product_cat","embeddable":true,"href":"https:\/\/www.derweinhauer.at\/shop\/wp-json\/wp\/v2\/product_cat?post=21102"},{"taxonomy":"product_tag","embeddable":true,"href":"https:\/\/www.derweinhauer.at\/shop\/wp-json\/wp\/v2\/product_tag?post=21102"}],"curies":[{"name":"wp","href":"https:\/\/api.w.org\/{rel}","templated":true}]}}