{"id":21174,"date":"2025-06-23T11:28:47","date_gmt":"2025-06-23T09:28:47","guid":{"rendered":"https:\/\/www.derweinhauer.at\/shop\/?post_type=product&#038;p=21174"},"modified":"2025-06-23T11:43:48","modified_gmt":"2025-06-23T09:43:48","slug":"conterno-fantino-barolo-castelletto-docg-21","status":"publish","type":"product","link":"https:\/\/www.derweinhauer.at\/shop\/produkt\/weinbaugebiet\/piemont\/conterno-fantino-barolo-castelletto-docg-21\/","title":{"rendered":"Conterno Fantino &#8211; Barolo Castelletto DOCG 21"},"content":{"rendered":"<h2><span style=\"color: #333333;\">Barolo &#8222;Vigna Pressenda&#8220; DOCG &#8211; BIO<\/span><\/h2>\n<p>Alkohol: 14 % vol\u00a0 \u00a0 \u00a0 \u00a0 \u00a0 \u00a0 \u00a0Trinktemperatur: 18 bis 20 C.<\/p>\n<p>Frisch und lebendig mit Aromen und Geschmacksnoten von roten Beeren, Blutorange, zerdr\u00fcckter Haselnuss, Hibiskus und Gew\u00fcrzen. Mittlerer bis voller K\u00f6rper, angespannt und geradlinig mit einem R\u00fcckgrat aus festen, feink\u00f6rnigen Tanninen und stetiger Mineralit\u00e4t.<\/p>\n<p>Barolo passt wunderbar zu saftigem rotem Fleisch wie Rinderfilet, Lammkoteletts, Steak, geschmortem Rindfleisch.<\/p>\n<p>Land: Italien<br \/>\nWeinbaugebiet: Piemont<br \/>\nHersteller: Conterno Fantino<br \/>\nSorte: Nebiolo<br \/>\nTyp: Rotwein<br \/>\nInhalt: 0,75 l<\/p>\n<p>&nbsp;<\/p>\n<p><a href=\"https:\/\/dl.derweinhauer.at\/conterno_barolo.pdf\">&gt; mehr Details zum Wein<\/a><\/p>\n<p>&nbsp;<\/p>\n<p>&nbsp;<\/p>\n","protected":false},"excerpt":{"rendered":"<p>Barolo &#8222;Vigna Pressenda&#8220; DOCG &#8211; BIO Alkohol: 14 % vol\u00a0 \u00a0 \u00a0 \u00a0 \u00a0 \u00a0 \u00a0Trinktemperatur: 18 bis 20 C. Frisch und lebendig mit Aromen und Geschmacksnoten von roten Beeren, Blutorange, zerdr\u00fcckter Haselnuss, Hibiskus und Gew\u00fcrzen. Mittlerer bis voller K\u00f6rper, angespannt und geradlinig mit einem R\u00fcckgrat aus festen, feink\u00f6rnigen Tanninen und stetiger Mineralit\u00e4t. Barolo passt [&hellip;]<\/p>\n","protected":false},"featured_media":21176,"template":"","meta":{"site-sidebar-layout":"default","site-content-layout":"default","ast-site-content-layout":"default","site-content-style":"default","site-sidebar-style":"default","ast-global-header-display":"","ast-banner-title-visibility":"","ast-main-header-display":"","ast-hfb-above-header-display":"","ast-hfb-below-header-display":"","ast-hfb-mobile-header-display":"","site-post-title":"","ast-breadcrumbs-content":"","ast-featured-img":"","footer-sml-layout":"","theme-transparent-header-meta":"default","adv-header-id-meta":"","stick-header-meta":"default","header-above-stick-meta":"","header-main-stick-meta":"","header-below-stick-meta":"","astra-migrate-meta-layouts":"set","ast-page-background-enabled":"default","ast-page-background-meta":{"desktop":{"background-color":"","background-image":"","background-repeat":"repeat","background-position":"center center","background-size":"auto","background-attachment":"scroll","background-type":"","background-media":"","overlay-type":"","overlay-color":"","overlay-opacity":"","overlay-gradient":""},"tablet":{"background-color":"","background-image":"","background-repeat":"repeat","background-position":"center center","background-size":"auto","background-attachment":"scroll","background-type":"","background-media":"","overlay-type":"","overlay-color":"","overlay-opacity":"","overlay-gradient":""},"mobile":{"background-color":"","background-image":"","background-repeat":"repeat","background-position":"center center","background-size":"auto","background-attachment":"scroll","background-type":"","background-media":"","overlay-type":"","overlay-color":"","overlay-opacity":"","overlay-gradient":""}},"ast-content-background-meta":{"desktop":{"background-color":"var(--ast-global-color-5)","background-image":"","background-repeat":"repeat","background-position":"center center","background-size":"auto","background-attachment":"scroll","background-type":"","background-media":"","overlay-type":"","overlay-color":"","overlay-opacity":"","overlay-gradient":""},"tablet":{"background-color":"var(--ast-global-color-5)","background-image":"","background-repeat":"repeat","background-position":"center center","background-size":"auto","background-attachment":"scroll","background-type":"","background-media":"","overlay-type":"","overlay-color":"","overlay-opacity":"","overlay-gradient":""},"mobile":{"background-color":"var(--ast-global-color-5)","background-image":"","background-repeat":"repeat","background-position":"center center","background-size":"auto","background-attachment":"scroll","background-type":"","background-media":"","overlay-type":"","overlay-color":"","overlay-opacity":"","overlay-gradient":""}}},"product_cat":[537,538,540,461],"product_tag":[],"class_list":{"0":"post-21174","1":"product","2":"type-product","3":"status-publish","4":"has-post-thumbnail","6":"product_cat-conterno","7":"product_cat-piemont","8":"product_cat-dolcetto","9":"product_cat-rotwein","10":"align-center","11":"box-shadow-2","12":"box-shadow-5-hover","13":"ast-product-gallery-layout-horizontal","14":"ast-product-gallery-with-no-image","15":"ast-product-tabs-layout-vertical","17":"first","18":"instock","19":"taxable","20":"shipping-taxable","21":"purchasable","22":"product-type-simple","23":"add-to-wishlist-before_image"},"yoast_head":"<!-- This site is optimized with the Yoast SEO plugin v24.2 - https:\/\/yoast.com\/wordpress\/plugins\/seo\/ -->\n<title>Conterno Fantino - Barolo Castelletto DOCG 21 - der Weinhauer<\/title>\n<meta name=\"robots\" content=\"index, follow, max-snippet:-1, max-image-preview:large, max-video-preview:-1\" \/>\n<link rel=\"canonical\" href=\"https:\/\/www.derweinhauer.at\/shop\/produkt\/weinbaugebiet\/piemont\/conterno-fantino-barolo-castelletto-docg-21\/\" \/>\n<meta property=\"og:locale\" content=\"de_DE\" \/>\n<meta property=\"og:type\" content=\"article\" \/>\n<meta property=\"og:title\" content=\"Conterno Fantino - Barolo Castelletto DOCG 21 - der Weinhauer\" \/>\n<meta property=\"og:description\" content=\"Barolo &#8222;Vigna Pressenda&#8220; DOCG &#8211; BIO Alkohol: 14 % vol\u00a0 \u00a0 \u00a0 \u00a0 \u00a0 \u00a0 \u00a0Trinktemperatur: 18 bis 20 C. Frisch und lebendig mit Aromen und Geschmacksnoten von roten Beeren, Blutorange, zerdr\u00fcckter Haselnuss, Hibiskus und Gew\u00fcrzen. Mittlerer bis voller K\u00f6rper, angespannt und geradlinig mit einem R\u00fcckgrat aus festen, feink\u00f6rnigen Tanninen und stetiger Mineralit\u00e4t. Barolo passt [&hellip;]\" \/>\n<meta property=\"og:url\" content=\"https:\/\/www.derweinhauer.at\/shop\/produkt\/weinbaugebiet\/piemont\/conterno-fantino-barolo-castelletto-docg-21\/\" \/>\n<meta property=\"og:site_name\" content=\"der Weinhauer\" \/>\n<meta property=\"article:publisher\" content=\"https:\/\/www.facebook.com\/derweinhauer\" \/>\n<meta property=\"article:modified_time\" content=\"2025-06-23T09:43:48+00:00\" \/>\n<meta property=\"og:image\" content=\"https:\/\/www.derweinhauer.at\/shop\/wp-content\/uploads\/2025\/06\/Barolo-1-e1750671675969.jpg\" \/>\n\t<meta property=\"og:image:width\" content=\"200\" \/>\n\t<meta property=\"og:image:height\" content=\"300\" \/>\n\t<meta property=\"og:image:type\" content=\"image\/jpeg\" \/>\n<meta name=\"twitter:card\" content=\"summary_large_image\" \/>\n<meta name=\"twitter:label1\" content=\"Gesch\u00e4tzte Lesezeit\" \/>\n\t<meta name=\"twitter:data1\" content=\"1\u00a0Minute\" \/>\n<script type=\"application\/ld+json\" class=\"yoast-schema-graph\">{\"@context\":\"https:\/\/schema.org\",\"@graph\":[{\"@type\":\"WebPage\",\"@id\":\"https:\/\/www.derweinhauer.at\/shop\/produkt\/weinbaugebiet\/piemont\/conterno-fantino-barolo-castelletto-docg-21\/\",\"url\":\"https:\/\/www.derweinhauer.at\/shop\/produkt\/weinbaugebiet\/piemont\/conterno-fantino-barolo-castelletto-docg-21\/\",\"name\":\"Conterno Fantino - Barolo Castelletto DOCG 21 - der Weinhauer\",\"isPartOf\":{\"@id\":\"https:\/\/www.derweinhauer.at\/shop\/#website\"},\"primaryImageOfPage\":{\"@id\":\"https:\/\/www.derweinhauer.at\/shop\/produkt\/weinbaugebiet\/piemont\/conterno-fantino-barolo-castelletto-docg-21\/#primaryimage\"},\"image\":{\"@id\":\"https:\/\/www.derweinhauer.at\/shop\/produkt\/weinbaugebiet\/piemont\/conterno-fantino-barolo-castelletto-docg-21\/#primaryimage\"},\"thumbnailUrl\":\"https:\/\/www.derweinhauer.at\/shop\/wp-content\/uploads\/2025\/06\/Barolo-1-e1750671675969.jpg\",\"datePublished\":\"2025-06-23T09:28:47+00:00\",\"dateModified\":\"2025-06-23T09:43:48+00:00\",\"breadcrumb\":{\"@id\":\"https:\/\/www.derweinhauer.at\/shop\/produkt\/weinbaugebiet\/piemont\/conterno-fantino-barolo-castelletto-docg-21\/#breadcrumb\"},\"inLanguage\":\"de\",\"potentialAction\":[{\"@type\":\"ReadAction\",\"target\":[\"https:\/\/www.derweinhauer.at\/shop\/produkt\/weinbaugebiet\/piemont\/conterno-fantino-barolo-castelletto-docg-21\/\"]}]},{\"@type\":\"ImageObject\",\"inLanguage\":\"de\",\"@id\":\"https:\/\/www.derweinhauer.at\/shop\/produkt\/weinbaugebiet\/piemont\/conterno-fantino-barolo-castelletto-docg-21\/#primaryimage\",\"url\":\"https:\/\/www.derweinhauer.at\/shop\/wp-content\/uploads\/2025\/06\/Barolo-1-e1750671675969.jpg\",\"contentUrl\":\"https:\/\/www.derweinhauer.at\/shop\/wp-content\/uploads\/2025\/06\/Barolo-1-e1750671675969.jpg\",\"width\":200,\"height\":300},{\"@type\":\"BreadcrumbList\",\"@id\":\"https:\/\/www.derweinhauer.at\/shop\/produkt\/weinbaugebiet\/piemont\/conterno-fantino-barolo-castelletto-docg-21\/#breadcrumb\",\"itemListElement\":[{\"@type\":\"ListItem\",\"position\":1,\"name\":\"Home\",\"item\":\"https:\/\/www.derweinhauer.at\/shop\/\"},{\"@type\":\"ListItem\",\"position\":2,\"name\":\"SHOP\",\"item\":\"https:\/\/www.derweinhauer.at\/shop\/\"},{\"@type\":\"ListItem\",\"position\":3,\"name\":\"Conterno Fantino &#8211; Barolo Castelletto DOCG 21\"}]},{\"@type\":\"WebSite\",\"@id\":\"https:\/\/www.derweinhauer.at\/shop\/#website\",\"url\":\"https:\/\/www.derweinhauer.at\/shop\/\",\"name\":\"der Weinhauer\",\"description\":\"Collio.Karst.Steiermark\",\"publisher\":{\"@id\":\"https:\/\/www.derweinhauer.at\/shop\/#organization\"},\"potentialAction\":[{\"@type\":\"SearchAction\",\"target\":{\"@type\":\"EntryPoint\",\"urlTemplate\":\"https:\/\/www.derweinhauer.at\/shop\/?s={search_term_string}\"},\"query-input\":{\"@type\":\"PropertyValueSpecification\",\"valueRequired\":true,\"valueName\":\"search_term_string\"}}],\"inLanguage\":\"de\"},{\"@type\":\"Organization\",\"@id\":\"https:\/\/www.derweinhauer.at\/shop\/#organization\",\"name\":\"der Weinhauer\",\"url\":\"https:\/\/www.derweinhauer.at\/shop\/\",\"logo\":{\"@type\":\"ImageObject\",\"inLanguage\":\"de\",\"@id\":\"https:\/\/www.derweinhauer.at\/shop\/#\/schema\/logo\/image\/\",\"url\":\"https:\/\/www.derweinhauer.at\/shop\/wp-content\/uploads\/2020\/02\/logo_der_weinhauer5.png\",\"contentUrl\":\"https:\/\/www.derweinhauer.at\/shop\/wp-content\/uploads\/2020\/02\/logo_der_weinhauer5.png\",\"width\":3508,\"height\":2480,\"caption\":\"der Weinhauer\"},\"image\":{\"@id\":\"https:\/\/www.derweinhauer.at\/shop\/#\/schema\/logo\/image\/\"},\"sameAs\":[\"https:\/\/www.facebook.com\/derweinhauer\"]}]}<\/script>\n<!-- \/ Yoast SEO plugin. -->","yoast_head_json":{"title":"Conterno Fantino - Barolo Castelletto DOCG 21 - der Weinhauer","robots":{"index":"index","follow":"follow","max-snippet":"max-snippet:-1","max-image-preview":"max-image-preview:large","max-video-preview":"max-video-preview:-1"},"canonical":"https:\/\/www.derweinhauer.at\/shop\/produkt\/weinbaugebiet\/piemont\/conterno-fantino-barolo-castelletto-docg-21\/","og_locale":"de_DE","og_type":"article","og_title":"Conterno Fantino - Barolo Castelletto DOCG 21 - der Weinhauer","og_description":"Barolo &#8222;Vigna Pressenda&#8220; DOCG &#8211; BIO Alkohol: 14 % vol\u00a0 \u00a0 \u00a0 \u00a0 \u00a0 \u00a0 \u00a0Trinktemperatur: 18 bis 20 C. Frisch und lebendig mit Aromen und Geschmacksnoten von roten Beeren, Blutorange, zerdr\u00fcckter Haselnuss, Hibiskus und Gew\u00fcrzen. Mittlerer bis voller K\u00f6rper, angespannt und geradlinig mit einem R\u00fcckgrat aus festen, feink\u00f6rnigen Tanninen und stetiger Mineralit\u00e4t. Barolo passt [&hellip;]","og_url":"https:\/\/www.derweinhauer.at\/shop\/produkt\/weinbaugebiet\/piemont\/conterno-fantino-barolo-castelletto-docg-21\/","og_site_name":"der Weinhauer","article_publisher":"https:\/\/www.facebook.com\/derweinhauer","article_modified_time":"2025-06-23T09:43:48+00:00","og_image":[{"width":200,"height":300,"url":"https:\/\/www.derweinhauer.at\/shop\/wp-content\/uploads\/2025\/06\/Barolo-1-e1750671675969.jpg","type":"image\/jpeg"}],"twitter_card":"summary_large_image","twitter_misc":{"Gesch\u00e4tzte Lesezeit":"1\u00a0Minute"},"schema":{"@context":"https:\/\/schema.org","@graph":[{"@type":"WebPage","@id":"https:\/\/www.derweinhauer.at\/shop\/produkt\/weinbaugebiet\/piemont\/conterno-fantino-barolo-castelletto-docg-21\/","url":"https:\/\/www.derweinhauer.at\/shop\/produkt\/weinbaugebiet\/piemont\/conterno-fantino-barolo-castelletto-docg-21\/","name":"Conterno Fantino - Barolo Castelletto DOCG 21 - der Weinhauer","isPartOf":{"@id":"https:\/\/www.derweinhauer.at\/shop\/#website"},"primaryImageOfPage":{"@id":"https:\/\/www.derweinhauer.at\/shop\/produkt\/weinbaugebiet\/piemont\/conterno-fantino-barolo-castelletto-docg-21\/#primaryimage"},"image":{"@id":"https:\/\/www.derweinhauer.at\/shop\/produkt\/weinbaugebiet\/piemont\/conterno-fantino-barolo-castelletto-docg-21\/#primaryimage"},"thumbnailUrl":"https:\/\/www.derweinhauer.at\/shop\/wp-content\/uploads\/2025\/06\/Barolo-1-e1750671675969.jpg","datePublished":"2025-06-23T09:28:47+00:00","dateModified":"2025-06-23T09:43:48+00:00","breadcrumb":{"@id":"https:\/\/www.derweinhauer.at\/shop\/produkt\/weinbaugebiet\/piemont\/conterno-fantino-barolo-castelletto-docg-21\/#breadcrumb"},"inLanguage":"de","potentialAction":[{"@type":"ReadAction","target":["https:\/\/www.derweinhauer.at\/shop\/produkt\/weinbaugebiet\/piemont\/conterno-fantino-barolo-castelletto-docg-21\/"]}]},{"@type":"ImageObject","inLanguage":"de","@id":"https:\/\/www.derweinhauer.at\/shop\/produkt\/weinbaugebiet\/piemont\/conterno-fantino-barolo-castelletto-docg-21\/#primaryimage","url":"https:\/\/www.derweinhauer.at\/shop\/wp-content\/uploads\/2025\/06\/Barolo-1-e1750671675969.jpg","contentUrl":"https:\/\/www.derweinhauer.at\/shop\/wp-content\/uploads\/2025\/06\/Barolo-1-e1750671675969.jpg","width":200,"height":300},{"@type":"BreadcrumbList","@id":"https:\/\/www.derweinhauer.at\/shop\/produkt\/weinbaugebiet\/piemont\/conterno-fantino-barolo-castelletto-docg-21\/#breadcrumb","itemListElement":[{"@type":"ListItem","position":1,"name":"Home","item":"https:\/\/www.derweinhauer.at\/shop\/"},{"@type":"ListItem","position":2,"name":"SHOP","item":"https:\/\/www.derweinhauer.at\/shop\/"},{"@type":"ListItem","position":3,"name":"Conterno Fantino &#8211; Barolo Castelletto DOCG 21"}]},{"@type":"WebSite","@id":"https:\/\/www.derweinhauer.at\/shop\/#website","url":"https:\/\/www.derweinhauer.at\/shop\/","name":"der Weinhauer","description":"Collio.Karst.Steiermark","publisher":{"@id":"https:\/\/www.derweinhauer.at\/shop\/#organization"},"potentialAction":[{"@type":"SearchAction","target":{"@type":"EntryPoint","urlTemplate":"https:\/\/www.derweinhauer.at\/shop\/?s={search_term_string}"},"query-input":{"@type":"PropertyValueSpecification","valueRequired":true,"valueName":"search_term_string"}}],"inLanguage":"de"},{"@type":"Organization","@id":"https:\/\/www.derweinhauer.at\/shop\/#organization","name":"der Weinhauer","url":"https:\/\/www.derweinhauer.at\/shop\/","logo":{"@type":"ImageObject","inLanguage":"de","@id":"https:\/\/www.derweinhauer.at\/shop\/#\/schema\/logo\/image\/","url":"https:\/\/www.derweinhauer.at\/shop\/wp-content\/uploads\/2020\/02\/logo_der_weinhauer5.png","contentUrl":"https:\/\/www.derweinhauer.at\/shop\/wp-content\/uploads\/2020\/02\/logo_der_weinhauer5.png","width":3508,"height":2480,"caption":"der Weinhauer"},"image":{"@id":"https:\/\/www.derweinhauer.at\/shop\/#\/schema\/logo\/image\/"},"sameAs":["https:\/\/www.facebook.com\/derweinhauer"]}]}},"_links":{"self":[{"href":"https:\/\/www.derweinhauer.at\/shop\/wp-json\/wp\/v2\/product\/21174","targetHints":{"allow":["GET"]}}],"collection":[{"href":"https:\/\/www.derweinhauer.at\/shop\/wp-json\/wp\/v2\/product"}],"about":[{"href":"https:\/\/www.derweinhauer.at\/shop\/wp-json\/wp\/v2\/types\/product"}],"wp:featuredmedia":[{"embeddable":true,"href":"https:\/\/www.derweinhauer.at\/shop\/wp-json\/wp\/v2\/media\/21176"}],"wp:attachment":[{"href":"https:\/\/www.derweinhauer.at\/shop\/wp-json\/wp\/v2\/media?parent=21174"}],"wp:term":[{"taxonomy":"product_cat","embeddable":true,"href":"https:\/\/www.derweinhauer.at\/shop\/wp-json\/wp\/v2\/product_cat?post=21174"},{"taxonomy":"product_tag","embeddable":true,"href":"https:\/\/www.derweinhauer.at\/shop\/wp-json\/wp\/v2\/product_tag?post=21174"}],"curies":[{"name":"wp","href":"https:\/\/api.w.org\/{rel}","templated":true}]}}